{"id":6322,"date":"2026-01-12T15:29:12","date_gmt":"2026-01-12T14:29:12","guid":{"rendered":"https:\/\/ruba-thermoplast.ch\/?page_id=6322"},"modified":"2026-03-30T11:28:40","modified_gmt":"2026-03-30T09:28:40","slug":"polymechaniker-m-w-d","status":"publish","type":"page","link":"https:\/\/ruba-thermoplast.ch\/de\/polymechaniker-m-w-d\/","title":{"rendered":"Polymechaniker (m\/w\/d)"},"content":{"rendered":"\t\t<div data-elementor-type=\"wp-page\" data-elementor-id=\"6322\" class=\"elementor elementor-6322\" data-elementor-post-type=\"page\">\n\t\t\t\t\t\t<section class=\"elementor-section elementor-top-section elementor-element elementor-element-3cec582 elementor-section-boxed elementor-section-height-default elementor-section-height-default\" data-id=\"3cec582\" data-element_type=\"section\" data-settings=\"{&quot;jet_parallax_layout_list&quot;:[],&quot;background_background&quot;:&quot;gradient&quot;}\">\n\t\t\t\t\t\t<div class=\"elementor-container elementor-column-gap-default\">\n\t\t\t\t\t<div class=\"elementor-column elementor-col-50 elementor-top-column elementor-element elementor-element-7160dac\" data-id=\"7160dac\" data-element_type=\"column\">\n\t\t\t<div class=\"elementor-widget-wrap elementor-element-populated\">\n\t\t\t\t\t\t<div class=\"elementor-element elementor-element-1c40eaa elementor-widget elementor-widget-text-editor\" data-id=\"1c40eaa\" data-element_type=\"widget\" data-widget_type=\"text-editor.default\">\n\t\t\t\t<div class=\"elementor-widget-container\">\n\t\t\t\t\t\t\t\t\t<h5>\u00a0<\/h5><h5>\u00a0<\/h5><h3><strong><span class=\"OYPEnA font-feature-liga-off font-feature-clig-off font-feature-calt-off text-decoration-none text-strikethrough-none\">WIR SUCHEN:<\/span><\/strong><\/h3>\t\t\t\t\t\t\t\t<\/div>\n\t\t\t\t<\/div>\n\t\t\t\t<div class=\"elementor-element elementor-element-0f0d10c elementor-widget__width-inherit elementor-widget elementor-widget-tp-adv-text-block\" data-id=\"0f0d10c\" data-element_type=\"widget\" data-widget_type=\"tp-adv-text-block.default\">\n\t\t\t\t<div class=\"elementor-widget-container\">\n\t\t\t\t\t<div class=\"pt-plus-text-block-wrapper\" ><div class=\"text_block_parallax\"><div class=\"pt_plus_adv_text_block \" ><div class=\"text-content-block\"><h2 style=\"text-align: left\">Polymechaniker 80-100% (m\/w\/d)<\/h2><\/div><\/div><\/div><\/div>\t\t\t\t<\/div>\n\t\t\t\t<\/div>\n\t\t\t\t<div class=\"elementor-element elementor-element-f6fe79c elementor-widget elementor-widget-text-editor\" data-id=\"f6fe79c\" data-element_type=\"widget\" data-widget_type=\"text-editor.default\">\n\t\t\t\t<div class=\"elementor-widget-container\">\n\t\t\t\t\t\t\t\t\t<h3><strong><span class=\"OYPEnA font-feature-liga-off font-feature-clig-off font-feature-calt-off text-decoration-none text-strikethrough-none\">START APRIL 2026<\/span><\/strong><\/h3><h6><strong><span class=\"OYPEnA font-feature-liga-off font-feature-clig-off font-feature-calt-off text-decoration-none text-strikethrough-none\">oder nach Absprache<\/span><\/strong><\/h6>\t\t\t\t\t\t\t\t<\/div>\n\t\t\t\t<\/div>\n\t\t\t\t\t<\/div>\n\t\t<\/div>\n\t\t\t\t<div class=\"elementor-column elementor-col-50 elementor-top-column elementor-element elementor-element-fa32f40\" data-id=\"fa32f40\" data-element_type=\"column\">\n\t\t\t<div class=\"elementor-widget-wrap elementor-element-populated\">\n\t\t\t\t\t\t<div class=\"elementor-element elementor-element-e19c1bd elementor-widget elementor-widget-image\" data-id=\"e19c1bd\" data-element_type=\"widget\" data-widget_type=\"image.default\">\n\t\t\t\t<div class=\"elementor-widget-container\">\n\t\t\t\t\t\t\t\t\t\t\t\t\t\t\t<img fetchpriority=\"high\" decoding=\"async\" width=\"706\" height=\"668\" src=\"https:\/\/ruba-thermoplast.ch\/wp-content\/uploads\/2026\/01\/Kopie-von-KV-Lehrling.png\" class=\"attachment-large size-large wp-image-6324\" alt=\"\" srcset=\"https:\/\/ruba-thermoplast.ch\/wp-content\/uploads\/2026\/01\/Kopie-von-KV-Lehrling.png 706w, https:\/\/ruba-thermoplast.ch\/wp-content\/uploads\/2026\/01\/Kopie-von-KV-Lehrling-300x284.png 300w, https:\/\/ruba-thermoplast.ch\/wp-content\/uploads\/2026\/01\/Kopie-von-KV-Lehrling-13x12.png 13w\" sizes=\"(max-width: 706px) 100vw, 706px\" \/>\t\t\t\t\t\t\t\t\t\t\t\t\t\t\t<\/div>\n\t\t\t\t<\/div>\n\t\t\t\t\t<\/div>\n\t\t<\/div>\n\t\t\t\t\t<\/div>\n\t\t<\/section>\n\t\t\t\t<section class=\"elementor-section elementor-top-section elementor-element elementor-element-3b43d1c elementor-section-boxed elementor-section-height-default elementor-section-height-default\" data-id=\"3b43d1c\" data-element_type=\"section\" data-settings=\"{&quot;jet_parallax_layout_list&quot;:[],&quot;background_background&quot;:&quot;classic&quot;}\">\n\t\t\t\t\t\t<div class=\"elementor-container elementor-column-gap-default\">\n\t\t\t\t\t<div class=\"elementor-column elementor-col-50 elementor-top-column elementor-element elementor-element-edf4e9d\" data-id=\"edf4e9d\" data-element_type=\"column\">\n\t\t\t<div class=\"elementor-widget-wrap elementor-element-populated\">\n\t\t\t\t\t\t<div class=\"elementor-element elementor-element-4330cf2 elementor-widget elementor-widget-text-editor\" data-id=\"4330cf2\" data-element_type=\"widget\" data-widget_type=\"text-editor.default\">\n\t\t\t\t<div class=\"elementor-widget-container\">\n\t\t\t\t\t\t\t\t\t<p class=\"cvGsUA direction-ltr align-start para-style-body\"><span class=\"OYPEnA font-feature-liga-off font-feature-clig-off font-feature-calt-off text-decoration-none text-strikethrough-none\">Die RUBA Thermoplast AG mit Sitz in Zuzgen ist ein innovatives Produktionsunternehmen, das hochwertige Kunststoffverschl\u00fcsse und Werkzeuge f\u00fcr die Bereiche Kosmetik, Pharma, Lebensmittel sowie technische Anwendungen herstellt.<\/span><\/p><p class=\"cvGsUA direction-ltr align-start para-style-body\"><span class=\"OYPEnA font-feature-liga-off font-feature-clig-off font-feature-calt-off text-decoration-none text-strikethrough-none\">Zur Verst\u00e4rkung unseres Teams suchen wir eine motivierte Pers\u00f6nlichkeit f\u00fcr unseren Werkzeugbau.<\/span><\/p>\t\t\t\t\t\t\t\t<\/div>\n\t\t\t\t<\/div>\n\t\t\t\t<div class=\"elementor-element elementor-element-dd5670e elementor-widget-divider--view-line elementor-widget elementor-widget-divider\" data-id=\"dd5670e\" data-element_type=\"widget\" data-widget_type=\"divider.default\">\n\t\t\t\t<div class=\"elementor-widget-container\">\n\t\t\t\t\t\t\t<div class=\"elementor-divider\">\n\t\t\t<span class=\"elementor-divider-separator\">\n\t\t\t\t\t\t<\/span>\n\t\t<\/div>\n\t\t\t\t\t\t<\/div>\n\t\t\t\t<\/div>\n\t\t\t\t<div class=\"elementor-element elementor-element-6c1091e elementor-widget elementor-widget-text-editor\" data-id=\"6c1091e\" data-element_type=\"widget\" data-widget_type=\"text-editor.default\">\n\t\t\t\t<div class=\"elementor-widget-container\">\n\t\t\t\t\t\t\t\t\t<p><strong><span class=\"OYPEnA font-feature-liga-off font-feature-clig-off font-feature-calt-off text-decoration-none text-strikethrough-none\">\ud83c\udfaf DAS ERWATET DICH:<\/span><\/strong><\/p>\t\t\t\t\t\t\t\t<\/div>\n\t\t\t\t<\/div>\n\t\t\t\t<div class=\"elementor-element elementor-element-27e8252 elementor-widget elementor-widget-text-editor\" data-id=\"27e8252\" data-element_type=\"widget\" data-widget_type=\"text-editor.default\">\n\t\t\t\t<div class=\"elementor-widget-container\">\n\t\t\t\t\t\t\t\t\t<ul><li>Wartung und Instandhaltung unserer Spritzgusswerkzeuge, inklusive Reinigung, Kontrolle und Reparaturen<\/li><li>CAM Programmieren mit VISI<\/li><li>Arbeiten an konventionellen und CNC-gesteuerten Maschinen<\/li><li>Fertigung von Einzelteilen und Kleinserien<\/li><li>Durchf\u00fchrung von Reparaturen sowie Service- und Unterhaltsarbeiten<\/li><\/ul>\t\t\t\t\t\t\t\t<\/div>\n\t\t\t\t<\/div>\n\t\t\t\t<div class=\"elementor-element elementor-element-da52e72 elementor-widget-divider--view-line elementor-widget elementor-widget-divider\" data-id=\"da52e72\" data-element_type=\"widget\" data-widget_type=\"divider.default\">\n\t\t\t\t<div class=\"elementor-widget-container\">\n\t\t\t\t\t\t\t<div class=\"elementor-divider\">\n\t\t\t<span class=\"elementor-divider-separator\">\n\t\t\t\t\t\t<\/span>\n\t\t<\/div>\n\t\t\t\t\t\t<\/div>\n\t\t\t\t<\/div>\n\t\t\t\t<div class=\"elementor-element elementor-element-01c0f3f elementor-widget elementor-widget-text-editor\" data-id=\"01c0f3f\" data-element_type=\"widget\" data-widget_type=\"text-editor.default\">\n\t\t\t\t<div class=\"elementor-widget-container\">\n\t\t\t\t\t\t\t\t\t<p>\u00a0<strong><span class=\"OYPEnA font-feature-liga-off font-feature-clig-off font-feature-calt-off text-decoration-none text-strikethrough-none\">\ud83d\udcda DAS SOLLTEST DU MITBRINGEN:<\/span><\/strong><\/p>\t\t\t\t\t\t\t\t<\/div>\n\t\t\t\t<\/div>\n\t\t\t\t<div class=\"elementor-element elementor-element-b1c39ad elementor-widget elementor-widget-text-editor\" data-id=\"b1c39ad\" data-element_type=\"widget\" data-widget_type=\"text-editor.default\">\n\t\t\t\t<div class=\"elementor-widget-container\">\n\t\t\t\t\t\t\t\t\t<ul><li>Abgeschlossene Ausbildung als Polymechaniker\/in EFZ<\/li><li>Erfahrung im Werkzeugbau von Vorteil<\/li><li>Ausgepr\u00e4gtes Qualit\u00e4tsbewusstsein<\/li><li>Selbstst\u00e4ndige, pr\u00e4zise und zuverl\u00e4ssige Arbeitsweise<\/li><li>Teamf\u00e4higkeit und hohes Engagement<\/li><\/ul>\t\t\t\t\t\t\t\t<\/div>\n\t\t\t\t<\/div>\n\t\t\t\t<div class=\"elementor-element elementor-element-c7cd2ee elementor-widget-divider--view-line elementor-widget elementor-widget-divider\" data-id=\"c7cd2ee\" data-element_type=\"widget\" data-widget_type=\"divider.default\">\n\t\t\t\t<div class=\"elementor-widget-container\">\n\t\t\t\t\t\t\t<div class=\"elementor-divider\">\n\t\t\t<span class=\"elementor-divider-separator\">\n\t\t\t\t\t\t<\/span>\n\t\t<\/div>\n\t\t\t\t\t\t<\/div>\n\t\t\t\t<\/div>\n\t\t\t\t<div class=\"elementor-element elementor-element-bb62559 elementor-widget elementor-widget-text-editor\" data-id=\"bb62559\" data-element_type=\"widget\" data-widget_type=\"text-editor.default\">\n\t\t\t\t<div class=\"elementor-widget-container\">\n\t\t\t\t\t\t\t\t\t<p>\u00a0<strong><span class=\"OYPEnA font-feature-liga-off font-feature-clig-off font-feature-calt-off text-decoration-none text-strikethrough-none\">\ud83c\udfd6\ufe0f DAS BIETEN WIR DIR:<\/span><\/strong><\/p>\t\t\t\t\t\t\t\t<\/div>\n\t\t\t\t<\/div>\n\t\t\t\t<div class=\"elementor-element elementor-element-9856c9c elementor-widget elementor-widget-text-editor\" data-id=\"9856c9c\" data-element_type=\"widget\" data-widget_type=\"text-editor.default\">\n\t\t\t\t<div class=\"elementor-widget-container\">\n\t\t\t\t\t\t\t\t\t<ul><li>Flexible Arbeitszeiten ohne Schicht- oder Gleitzeitmodell Attraktive Zusatzleistungen wie ein j\u00e4hrlicher Bonus, eine Migros-Geschenkkarte im Wert von CHF 500.\u2013, die \u00dcbernahme der Autobahnvignette sowie ein kostenloser Parkplatz.<\/li><li>5 Wochen Urlaub pro Jahr.<\/li><li>Attraktive Pensionskassenleistungen.<\/li><li>Eine abwechslungsreiche T\u00e4tigkeit in einem zukunftsorientierten, dynamischen Unternehmen<\/li><li>Langfristige Zusammenarbeit, respektvollen Umgang auf Augenh\u00f6he.<\/li><\/ul>\t\t\t\t\t\t\t\t<\/div>\n\t\t\t\t<\/div>\n\t\t\t\t\t<\/div>\n\t\t<\/div>\n\t\t\t\t<div class=\"elementor-column elementor-col-50 elementor-top-column elementor-element elementor-element-8e65795\" data-id=\"8e65795\" data-element_type=\"column\">\n\t\t\t<div class=\"elementor-widget-wrap elementor-element-populated\">\n\t\t\t\t\t\t<div class=\"elementor-element elementor-element-4d9786b elementor-widget elementor-widget-text-editor\" data-id=\"4d9786b\" data-element_type=\"widget\" data-widget_type=\"text-editor.default\">\n\t\t\t\t<div class=\"elementor-widget-container\">\n\t\t\t\t\t\t\t\t\t<p><span class=\"OYPEnA font-feature-liga-off font-feature-clig-off font-feature-calt-off text-decoration-none text-strikethrough-none\">Ein harmonisches Arbeitsumfeld ist uns wichtig \u2013 wir legen grossen Wert auf gegenseitige Wertsch\u00e4tzung, Teamgeist und ein respektvolles Miteinander. <\/span>M\u00f6chtest du Teil eines modernen Teams werden und von Anfang an mit anpacken? Dann nutze deine Chance und bewirb dich bei uns!<\/p>\t\t\t\t\t\t\t\t<\/div>\n\t\t\t\t<\/div>\n\t\t\t\t<div class=\"elementor-element elementor-element-93f28fe elementor-widget-divider--view-line elementor-widget elementor-widget-divider\" data-id=\"93f28fe\" data-element_type=\"widget\" data-widget_type=\"divider.default\">\n\t\t\t\t<div class=\"elementor-widget-container\">\n\t\t\t\t\t\t\t<div class=\"elementor-divider\">\n\t\t\t<span class=\"elementor-divider-separator\">\n\t\t\t\t\t\t<\/span>\n\t\t<\/div>\n\t\t\t\t\t\t<\/div>\n\t\t\t\t<\/div>\n\t\t\t\t<div class=\"elementor-element elementor-element-868ba68 elementor-widget elementor-widget-text-editor\" data-id=\"868ba68\" data-element_type=\"widget\" data-widget_type=\"text-editor.default\">\n\t\t\t\t<div class=\"elementor-widget-container\">\n\t\t\t\t\t\t\t\t\t<p><strong><span class=\"OYPEnA font-feature-liga-off font-feature-clig-off font-feature-calt-off text-decoration-none text-strikethrough-none\">SO BEWIRST DU DICH:<\/span><\/strong><\/p>\t\t\t\t\t\t\t\t<\/div>\n\t\t\t\t<\/div>\n\t\t\t\t<div class=\"elementor-element elementor-element-e45c905 elementor-widget elementor-widget-text-editor\" data-id=\"e45c905\" data-element_type=\"widget\" data-widget_type=\"text-editor.default\">\n\t\t\t\t<div class=\"elementor-widget-container\">\n\t\t\t\t\t\t\t\t\t<p class=\"cvGsUA direction-ltr align-start para-style-body\">Wir freuen uns auf deine vollst\u00e4ndigen elektronischen Bewerbungsunterlagen an:\u00a0 bewerbung@ruba-thermoplast.ch<\/p><p>Adresse:<br \/>RUBA Thermoplast AG<br \/>Bummerten 25<br \/>4315 Zuzgen<\/p><p class=\"cvGsUA direction-ltr align-start para-style-body\"><span class=\"OYPEnA font-feature-liga-off font-feature-clig-off font-feature-calt-off text-decoration-none text-strikethrough-none\">F\u00fcr Fragen steht dir <\/span><span class=\"OYPEnA font-feature-liga-off font-feature-clig-off font-feature-calt-off text-decoration-none text-strikethrough-none\"><span style=\"font-weight: bolder;\">Herr Manuel M\u00e4der<\/span>,<\/span><span class=\"OYPEnA font-feature-liga-off font-feature-clig-off font-feature-calt-off text-decoration-none text-strikethrough-none\"> Dein zuk\u00fcnftiger Vorgesetzter, gerne zur Verf\u00fcgung unter:<\/span>\u00a0<span class=\"OYPEnA font-feature-liga-off font-feature-clig-off font-feature-calt-off text-decoration-none text-strikethrough-none\">061 871 08 08<\/span><\/p>\t\t\t\t\t\t\t\t<\/div>\n\t\t\t\t<\/div>\n\t\t\t\t<div class=\"elementor-element elementor-element-db4e509 elementor-widget-divider--view-line elementor-widget elementor-widget-divider\" data-id=\"db4e509\" data-element_type=\"widget\" data-widget_type=\"divider.default\">\n\t\t\t\t<div class=\"elementor-widget-container\">\n\t\t\t\t\t\t\t<div class=\"elementor-divider\">\n\t\t\t<span class=\"elementor-divider-separator\">\n\t\t\t\t\t\t<\/span>\n\t\t<\/div>\n\t\t\t\t\t\t<\/div>\n\t\t\t\t<\/div>\n\t\t\t\t<div class=\"elementor-element elementor-element-963b6cf elementor-widget elementor-widget-spacer\" data-id=\"963b6cf\" data-element_type=\"widget\" data-widget_type=\"spacer.default\">\n\t\t\t\t<div class=\"elementor-widget-container\">\n\t\t\t\t\t\t\t<div class=\"elementor-spacer\">\n\t\t\t<div class=\"elementor-spacer-inner\"><\/div>\n\t\t<\/div>\n\t\t\t\t\t\t<\/div>\n\t\t\t\t<\/div>\n\t\t\t\t<div class=\"elementor-element elementor-element-e42c5e8 elementor-align-center elementor-widget elementor-widget-button\" data-id=\"e42c5e8\" data-element_type=\"widget\" data-widget_type=\"button.default\">\n\t\t\t\t<div class=\"elementor-widget-container\">\n\t\t\t\t\t\t\t\t\t<div class=\"elementor-button-wrapper\">\n\t\t\t\t\t<a class=\"elementor-button elementor-button-link elementor-size-lg\" href=\"mailto:bewerbung@ruba-thermoplast.ch?subject=Bewerbung\">\n\t\t\t\t\t\t<span class=\"elementor-button-content-wrapper\">\n\t\t\t\t\t\t<span class=\"elementor-button-icon\">\n\t\t\t\t<i aria-hidden=\"true\" class=\"far fa-edit\"><\/i>\t\t\t<\/span>\n\t\t\t\t\t\t\t\t\t<span class=\"elementor-button-text\">JETZT BEWERBEN! <\/span>\n\t\t\t\t\t<\/span>\n\t\t\t\t\t<\/a>\n\t\t\t\t<\/div>\n\t\t\t\t\t\t\t\t<\/div>\n\t\t\t\t<\/div>\n\t\t\t\t\t<\/div>\n\t\t<\/div>\n\t\t\t\t\t<\/div>\n\t\t<\/section>\n\t\t\t\t<\/div>\n\t\t","protected":false},"excerpt":{"rendered":"<p>\u00a0 \u00a0 WIR SUCHEN: Polymechaniker 80-100% (m\/w\/d) START APRIL 2026 oder nach Absprache Die RUBA Thermoplast AG mit Sitz in Zuzgen ist ein innovatives Produktionsunternehmen, das hochwertige Kunststoffverschl\u00fcsse und Werkzeuge f\u00fcr die Bereiche Kosmetik, Pharma, Lebensmittel sowie technische Anwendungen herstellt. Zur Verst\u00e4rkung unseres Teams suchen wir eine motivierte Pers\u00f6nlichkeit f\u00fcr unseren Werkzeugbau. \ud83c\udfaf DAS ERWATET [&hellip;]<\/p>\n","protected":false},"author":5,"featured_media":0,"parent":0,"menu_order":0,"comment_status":"closed","ping_status":"closed","template":"","meta":{"footnotes":""},"class_list":["post-6322","page","type-page","status-publish","hentry"],"_links":{"self":[{"href":"https:\/\/ruba-thermoplast.ch\/de\/wp-json\/wp\/v2\/pages\/6322","targetHints":{"allow":["GET"]}}],"collection":[{"href":"https:\/\/ruba-thermoplast.ch\/de\/wp-json\/wp\/v2\/pages"}],"about":[{"href":"https:\/\/ruba-thermoplast.ch\/de\/wp-json\/wp\/v2\/types\/page"}],"author":[{"embeddable":true,"href":"https:\/\/ruba-thermoplast.ch\/de\/wp-json\/wp\/v2\/users\/5"}],"replies":[{"embeddable":true,"href":"https:\/\/ruba-thermoplast.ch\/de\/wp-json\/wp\/v2\/comments?post=6322"}],"version-history":[{"count":19,"href":"https:\/\/ruba-thermoplast.ch\/de\/wp-json\/wp\/v2\/pages\/6322\/revisions"}],"predecessor-version":[{"id":6587,"href":"https:\/\/ruba-thermoplast.ch\/de\/wp-json\/wp\/v2\/pages\/6322\/revisions\/6587"}],"wp:attachment":[{"href":"https:\/\/ruba-thermoplast.ch\/de\/wp-json\/wp\/v2\/media?parent=6322"}],"curies":[{"name":"wp","href":"https:\/\/api.w.org\/{rel}","templated":true}]}}