{"id":1833,"date":"2022-08-23T08:13:25","date_gmt":"2022-08-23T08:13:25","guid":{"rendered":"https:\/\/ruba-thermoplast.ch\/?page_id=1833"},"modified":"2023-10-18T13:27:04","modified_gmt":"2023-10-18T11:27:04","slug":"geschichte-2","status":"publish","type":"page","link":"https:\/\/ruba-thermoplast.ch\/en\/geschichte-2\/","title":{"rendered":"History"},"content":{"rendered":"<div data-elementor-type=\"wp-page\" data-elementor-id=\"1833\" class=\"elementor elementor-1833\" data-elementor-post-type=\"page\">\n\t\t\t\t\t\t<section class=\"elementor-section elementor-top-section elementor-element elementor-element-48fa09b elementor-section-full_width elementor-section-height-min-height elementor-section-height-default elementor-section-items-middle\" data-id=\"48fa09b\" data-element_type=\"section\" data-settings=\"{&quot;background_background&quot;:&quot;video&quot;,&quot;background_video_link&quot;:&quot;https:\\\/\\\/ruba-thermoplast.ch\\\/wp-content\\\/uploads\\\/2022\\\/05\\\/main.mp4&quot;,&quot;background_play_on_mobile&quot;:&quot;yes&quot;,&quot;jet_parallax_layout_list&quot;:[]}\">\n\t\t\t\t\t\t\t\t<div class=\"elementor-background-video-container\">\n\t\t\t\t\t\t\t\t\t\t\t\t\t<video class=\"elementor-background-video-hosted\" autoplay muted playsinline loop><\/video>\n\t\t\t\t\t\t\t\t\t\t\t<\/div>\n\t\t\t\t\t\t\t\t\t<div class=\"elementor-background-overlay\"><\/div>\n\t\t\t\t\t\t\t<div class=\"elementor-container elementor-column-gap-default\">\n\t\t\t\t\t<div class=\"elementor-column elementor-col-100 elementor-top-column elementor-element elementor-element-fbfe97d\" data-id=\"fbfe97d\" data-element_type=\"column\">\n\t\t\t<div class=\"elementor-widget-wrap elementor-element-populated\">\n\t\t\t\t\t\t<div class=\"elementor-element elementor-element-6d82afb elementor-widget elementor-widget-heading\" data-id=\"6d82afb\" data-element_type=\"widget\" data-widget_type=\"heading.default\">\n\t\t\t\t<div class=\"elementor-widget-container\">\n\t\t\t\t\t<h2 class=\"elementor-heading-title elementor-size-default\">History<\/h2>\t\t\t\t<\/div>\n\t\t\t\t<\/div>\n\t\t\t\t\t<\/div>\n\t\t<\/div>\n\t\t\t\t\t<\/div>\n\t\t<\/section>\n\t\t\t\t<section class=\"elementor-section elementor-top-section elementor-element elementor-element-880b292 elementor-section-boxed elementor-section-height-default elementor-section-height-default\" data-id=\"880b292\" data-element_type=\"section\" data-settings=\"{&quot;background_background&quot;:&quot;classic&quot;,&quot;jet_parallax_layout_list&quot;:[]}\">\n\t\t\t\t\t\t<div class=\"elementor-container elementor-column-gap-default\">\n\t\t\t\t\t<div class=\"elementor-column elementor-col-100 elementor-top-column elementor-element elementor-element-0a6bd27\" data-id=\"0a6bd27\" data-element_type=\"column\">\n\t\t\t<div class=\"elementor-widget-wrap elementor-element-populated\">\n\t\t\t\t\t\t<div class=\"elementor-element elementor-element-feedd2f elementor-widget elementor-widget-heading\" data-id=\"feedd2f\" data-element_type=\"widget\" data-widget_type=\"heading.default\">\n\t\t\t\t<div class=\"elementor-widget-container\">\n\t\t\t\t\t<h2 class=\"elementor-heading-title elementor-size-default\">The history of RUBA Thermoplast AG<\/h2>\t\t\t\t<\/div>\n\t\t\t\t<\/div>\n\t\t\t\t\t<\/div>\n\t\t<\/div>\n\t\t\t\t\t<\/div>\n\t\t<\/section>\n\t\t\t\t<section class=\"elementor-section elementor-top-section elementor-element elementor-element-5130d69 elementor-section-boxed elementor-section-height-default elementor-section-height-default\" data-id=\"5130d69\" data-element_type=\"section\" data-settings=\"{&quot;jet_parallax_layout_list&quot;:[],&quot;background_background&quot;:&quot;classic&quot;}\">\n\t\t\t\t\t\t<div class=\"elementor-container elementor-column-gap-default\">\n\t\t\t\t\t<div class=\"elementor-column elementor-col-100 elementor-top-column elementor-element elementor-element-e2d41b4\" data-id=\"e2d41b4\" data-element_type=\"column\">\n\t\t\t<div class=\"elementor-widget-wrap elementor-element-populated\">\n\t\t\t\t\t\t<div class=\"elementor-element elementor-element-7719b93 elementor-widget elementor-widget-jet-timeline\" data-id=\"7719b93\" data-element_type=\"widget\" data-widget_type=\"jet-timeline.default\">\n\t\t\t\t<div class=\"elementor-widget-container\">\n\t\t\t\t\t<div class=\"elementor-jet-timeline jet-elements\"><div class=\"jet-timeline jet-timeline--align-center jet-timeline--align-middle\">\n\t<div class=\"jet-timeline__line\"><div class=\"jet-timeline__line-progress\"><\/div><\/div>\n\t<div class=\"jet-timeline-list\"><div class=\"jet-timeline-item jet-timeline-item--animated elementor-repeater-item-96e9f33 jet-timeline-item--image-inside\">\n\t<div class=\"timeline-item__card\">\n\t\t<div class=\"timeline-item__card-inner\">\n\t\t\t\t<div class=\"timeline-item__card-img\"><img fetchpriority=\"high\" decoding=\"async\" width=\"2048\" height=\"1536\" src=\"https:\/\/ruba-thermoplast.ch\/wp-content\/uploads\/2023\/10\/IMG_2138.jpeg\" class=\"attachment-full size-full wp-image-4067\" alt=\"\" srcset=\"https:\/\/ruba-thermoplast.ch\/wp-content\/uploads\/2023\/10\/IMG_2138.jpeg 2048w, https:\/\/ruba-thermoplast.ch\/wp-content\/uploads\/2023\/10\/IMG_2138-300x225.jpeg 300w, https:\/\/ruba-thermoplast.ch\/wp-content\/uploads\/2023\/10\/IMG_2138-1024x768.jpeg 1024w, https:\/\/ruba-thermoplast.ch\/wp-content\/uploads\/2023\/10\/IMG_2138-768x576.jpeg 768w, https:\/\/ruba-thermoplast.ch\/wp-content\/uploads\/2023\/10\/IMG_2138-1536x1152.jpeg 1536w, https:\/\/ruba-thermoplast.ch\/wp-content\/uploads\/2023\/10\/IMG_2138-16x12.jpeg 16w\" sizes=\"(max-width: 2048px) 100vw, 2048px\" \/><\/div>\t\t\t\t<div class=\"timeline-item__card-content\">\n\t\t\t\t\t<div class=\"timeline-item__meta\"><\/div><h3 class=\"timeline-item__card-title\"> 2023<\/h3><div class=\"timeline-item__card-desc\">Bau einer Solaranlage<\/div>\t\t\t\t<\/div>\n\t\t\t\t\t\t<\/div>\n\t\t<div class=\"timeline-item__card-arrow\"><\/div>\n\t<\/div>\n\t<div class=\"timeline-item__point\"><div class=\"timeline-item__point-content timeline-item__point-content--icon\"><span class=\"jet-elements-icon\"><i aria-hidden=\"true\" class=\"fas fa-calendar-alt\"><\/i><\/span><\/div><\/div><div class=\"timeline-item__meta\"><\/div><\/div><div class=\"jet-timeline-item jet-timeline-item--animated elementor-repeater-item-31cf0d0 jet-timeline-item--image-inside\">\n\t<div class=\"timeline-item__card\">\n\t\t<div class=\"timeline-item__card-inner\">\n\t\t\t\t<div class=\"timeline-item__card-img\"><img decoding=\"async\" width=\"400\" height=\"186\" src=\"https:\/\/ruba-thermoplast.ch\/wp-content\/uploads\/2022\/08\/nachfolge.jpg\" class=\"attachment-full size-full wp-image-1316\" alt=\"\" srcset=\"https:\/\/ruba-thermoplast.ch\/wp-content\/uploads\/2022\/08\/nachfolge.jpg 400w, https:\/\/ruba-thermoplast.ch\/wp-content\/uploads\/2022\/08\/nachfolge-300x140.jpg 300w\" sizes=\"(max-width: 400px) 100vw, 400px\" \/><\/div>\t\t\t\t<div class=\"timeline-item__card-content\">\n\t\t\t\t\t<div class=\"timeline-item__meta\"><\/div><h3 class=\"timeline-item__card-title\">2020<\/h3><div class=\"timeline-item__card-desc\">Mrs. Sarah Rieder takes over the management in the 3rd generation<\/div>\t\t\t\t<\/div>\n\t\t\t\t\t\t<\/div>\n\t\t<div class=\"timeline-item__card-arrow\"><\/div>\n\t<\/div>\n\t<div class=\"timeline-item__point\"><div class=\"timeline-item__point-content timeline-item__point-content--icon\"><span class=\"jet-elements-icon\"><i aria-hidden=\"true\" class=\"fas fa-calendar-alt\"><\/i><\/span><\/div><\/div><div class=\"timeline-item__meta\"><\/div><\/div><div class=\"jet-timeline-item jet-timeline-item--animated elementor-repeater-item-9ad0c67 jet-timeline-item--image-inside\">\n\t<div class=\"timeline-item__card\">\n\t\t<div class=\"timeline-item__card-inner\">\n\t\t\t\t<div class=\"timeline-item__card-img\"><img decoding=\"async\" width=\"400\" height=\"300\" src=\"https:\/\/ruba-thermoplast.ch\/wp-content\/uploads\/2022\/08\/erweiterung.jpg\" class=\"attachment-full size-full wp-image-1318\" alt=\"\" srcset=\"https:\/\/ruba-thermoplast.ch\/wp-content\/uploads\/2022\/08\/erweiterung.jpg 400w, https:\/\/ruba-thermoplast.ch\/wp-content\/uploads\/2022\/08\/erweiterung-300x225.jpg 300w\" sizes=\"(max-width: 400px) 100vw, 400px\" \/><\/div>\t\t\t\t<div class=\"timeline-item__card-content\">\n\t\t\t\t\t<div class=\"timeline-item__meta\"><\/div><h3 class=\"timeline-item__card-title\">2017<\/h3><div class=\"timeline-item__card-desc\">Expansion of the storage capacity by 725m2<\/div>\t\t\t\t<\/div>\n\t\t\t\t\t\t<\/div>\n\t\t<div class=\"timeline-item__card-arrow\"><\/div>\n\t<\/div>\n\t<div class=\"timeline-item__point\"><div class=\"timeline-item__point-content timeline-item__point-content--icon\"><span class=\"jet-elements-icon\"><i aria-hidden=\"true\" class=\"fas fa-calendar-alt\"><\/i><\/span><\/div><\/div><div class=\"timeline-item__meta\"><\/div><\/div><div class=\"jet-timeline-item jet-timeline-item--animated elementor-repeater-item-7a2e19a jet-timeline-item--image-inside\">\n\t<div class=\"timeline-item__card\">\n\t\t<div class=\"timeline-item__card-inner\">\n\t\t\t\t<div class=\"timeline-item__card-img\"><img loading=\"lazy\" decoding=\"async\" width=\"1722\" height=\"1115\" src=\"https:\/\/ruba-thermoplast.ch\/wp-content\/uploads\/2022\/08\/Roboter-1.jpg\" class=\"attachment-full size-full wp-image-2497\" alt=\"\" srcset=\"https:\/\/ruba-thermoplast.ch\/wp-content\/uploads\/2022\/08\/Roboter-1.jpg 1722w, https:\/\/ruba-thermoplast.ch\/wp-content\/uploads\/2022\/08\/Roboter-1-300x194.jpg 300w, https:\/\/ruba-thermoplast.ch\/wp-content\/uploads\/2022\/08\/Roboter-1-1024x663.jpg 1024w, https:\/\/ruba-thermoplast.ch\/wp-content\/uploads\/2022\/08\/Roboter-1-768x497.jpg 768w, https:\/\/ruba-thermoplast.ch\/wp-content\/uploads\/2022\/08\/Roboter-1-1536x995.jpg 1536w, https:\/\/ruba-thermoplast.ch\/wp-content\/uploads\/2022\/08\/Roboter-1-18x12.jpg 18w\" sizes=\"(max-width: 1722px) 100vw, 1722px\" \/><\/div>\t\t\t\t<div class=\"timeline-item__card-content\">\n\t\t\t\t\t<div class=\"timeline-item__meta\"><\/div><h3 class=\"timeline-item__card-title\">2016<\/h3><div class=\"timeline-item__card-desc\">Purchase of two robot handling machines<\/div>\t\t\t\t<\/div>\n\t\t\t\t\t\t<\/div>\n\t\t<div class=\"timeline-item__card-arrow\"><\/div>\n\t<\/div>\n\t<div class=\"timeline-item__point\"><div class=\"timeline-item__point-content timeline-item__point-content--icon\"><span class=\"jet-elements-icon\"><i aria-hidden=\"true\" class=\"fas fa-calendar-alt\"><\/i><\/span><\/div><\/div><div class=\"timeline-item__meta\"><\/div><\/div><div class=\"jet-timeline-item jet-timeline-item--animated elementor-repeater-item-1bd48b2 jet-timeline-item--image-inside\">\n\t<div class=\"timeline-item__card\">\n\t\t<div class=\"timeline-item__card-inner\">\n\t\t\t\t<div class=\"timeline-item__card-img\"><img loading=\"lazy\" decoding=\"async\" width=\"400\" height=\"300\" src=\"https:\/\/ruba-thermoplast.ch\/wp-content\/uploads\/2022\/08\/lagerhalle.jpg\" class=\"attachment-full size-full wp-image-1320\" alt=\"\" srcset=\"https:\/\/ruba-thermoplast.ch\/wp-content\/uploads\/2022\/08\/lagerhalle.jpg 400w, https:\/\/ruba-thermoplast.ch\/wp-content\/uploads\/2022\/08\/lagerhalle-300x225.jpg 300w\" sizes=\"(max-width: 400px) 100vw, 400px\" \/><\/div>\t\t\t\t<div class=\"timeline-item__card-content\">\n\t\t\t\t\t<div class=\"timeline-item__meta\"><\/div><h3 class=\"timeline-item__card-title\">2014<\/h3><div class=\"timeline-item__card-desc\">Expansion of storage capacity by 380m2 &amp; construction of a clean room<\/div>\t\t\t\t<\/div>\n\t\t\t\t\t\t<\/div>\n\t\t<div class=\"timeline-item__card-arrow\"><\/div>\n\t<\/div>\n\t<div class=\"timeline-item__point\"><div class=\"timeline-item__point-content timeline-item__point-content--icon\"><span class=\"jet-elements-icon\"><i aria-hidden=\"true\" class=\"fas fa-calendar-alt\"><\/i><\/span><\/div><\/div><div class=\"timeline-item__meta\"><\/div><\/div><div class=\"jet-timeline-item jet-timeline-item--animated elementor-repeater-item-51ad997 jet-timeline-item--image-inside\">\n\t<div class=\"timeline-item__card\">\n\t\t<div class=\"timeline-item__card-inner\">\n\t\t\t\t<div class=\"timeline-item__card-img\"><img loading=\"lazy\" decoding=\"async\" width=\"400\" height=\"300\" src=\"https:\/\/ruba-thermoplast.ch\/wp-content\/uploads\/2022\/08\/erneuerung.jpg\" class=\"attachment-full size-full wp-image-1325\" alt=\"\" srcset=\"https:\/\/ruba-thermoplast.ch\/wp-content\/uploads\/2022\/08\/erneuerung.jpg 400w, https:\/\/ruba-thermoplast.ch\/wp-content\/uploads\/2022\/08\/erneuerung-300x225.jpg 300w\" sizes=\"(max-width: 400px) 100vw, 400px\" \/><\/div>\t\t\t\t<div class=\"timeline-item__card-content\">\n\t\t\t\t\t<div class=\"timeline-item__meta\"><\/div><h3 class=\"timeline-item__card-title\">2010<\/h3><div class=\"timeline-item__card-desc\">Complete renovation of the machine park and increasing of production volumes<\/div>\t\t\t\t<\/div>\n\t\t\t\t\t\t<\/div>\n\t\t<div class=\"timeline-item__card-arrow\"><\/div>\n\t<\/div>\n\t<div class=\"timeline-item__point\"><div class=\"timeline-item__point-content timeline-item__point-content--icon\"><span class=\"jet-elements-icon\"><i aria-hidden=\"true\" class=\"fas fa-calendar-alt\"><\/i><\/span><\/div><\/div><div class=\"timeline-item__meta\"><\/div><\/div><div class=\"jet-timeline-item jet-timeline-item--animated elementor-repeater-item-a2d65ae jet-timeline-item--image-inside\">\n\t<div class=\"timeline-item__card\">\n\t\t<div class=\"timeline-item__card-inner\">\n\t\t\t\t<div class=\"timeline-item__card-img\"><img loading=\"lazy\" decoding=\"async\" width=\"400\" height=\"263\" src=\"https:\/\/ruba-thermoplast.ch\/wp-content\/uploads\/2022\/08\/strategie.jpg\" class=\"attachment-full size-full wp-image-1326\" alt=\"\" srcset=\"https:\/\/ruba-thermoplast.ch\/wp-content\/uploads\/2022\/08\/strategie.jpg 400w, https:\/\/ruba-thermoplast.ch\/wp-content\/uploads\/2022\/08\/strategie-300x197.jpg 300w\" sizes=\"(max-width: 400px) 100vw, 400px\" \/><\/div>\t\t\t\t<div class=\"timeline-item__card-content\">\n\t\t\t\t\t<div class=\"timeline-item__meta\"><\/div><h3 class=\"timeline-item__card-title\">2009<\/h3><div class=\"timeline-item__card-desc\">Strategy change of pricing<\/div>\t\t\t\t<\/div>\n\t\t\t\t\t\t<\/div>\n\t\t<div class=\"timeline-item__card-arrow\"><\/div>\n\t<\/div>\n\t<div class=\"timeline-item__point\"><div class=\"timeline-item__point-content timeline-item__point-content--icon\"><span class=\"jet-elements-icon\"><i aria-hidden=\"true\" class=\"fas fa-calendar-alt\"><\/i><\/span><\/div><\/div><div class=\"timeline-item__meta\"><\/div><\/div><div class=\"jet-timeline-item jet-timeline-item--animated elementor-repeater-item-e61d8f1 jet-timeline-item--image-inside\">\n\t<div class=\"timeline-item__card\">\n\t\t<div class=\"timeline-item__card-inner\">\n\t\t\t\t<div class=\"timeline-item__card-img\"><img loading=\"lazy\" decoding=\"async\" width=\"400\" height=\"200\" src=\"https:\/\/ruba-thermoplast.ch\/wp-content\/uploads\/2022\/08\/ISO_14001.jpg\" class=\"attachment-large size-large wp-image-2481\" alt=\"\" srcset=\"https:\/\/ruba-thermoplast.ch\/wp-content\/uploads\/2022\/08\/ISO_14001.jpg 400w, https:\/\/ruba-thermoplast.ch\/wp-content\/uploads\/2022\/08\/ISO_14001-300x150.jpg 300w, https:\/\/ruba-thermoplast.ch\/wp-content\/uploads\/2022\/08\/ISO_14001-18x9.jpg 18w\" sizes=\"(max-width: 400px) 100vw, 400px\" \/><\/div>\t\t\t\t<div class=\"timeline-item__card-content\">\n\t\t\t\t\t<div class=\"timeline-item__meta\"><\/div><h3 class=\"timeline-item__card-title\">2007<\/h3><div class=\"timeline-item__card-desc\">ISO 14001 certification<\/div>\t\t\t\t<\/div>\n\t\t\t\t\t\t<\/div>\n\t\t<div class=\"timeline-item__card-arrow\"><\/div>\n\t<\/div>\n\t<div class=\"timeline-item__point\"><div class=\"timeline-item__point-content timeline-item__point-content--icon\"><span class=\"jet-elements-icon\"><i aria-hidden=\"true\" class=\"fas fa-calendar-alt\"><\/i><\/span><\/div><\/div><div class=\"timeline-item__meta\"><\/div><\/div><div class=\"jet-timeline-item jet-timeline-item--animated elementor-repeater-item-3c7ae10 jet-timeline-item--image-inside\">\n\t<div class=\"timeline-item__card\">\n\t\t<div class=\"timeline-item__card-inner\">\n\t\t\t\t<div class=\"timeline-item__card-img\"><img loading=\"lazy\" decoding=\"async\" width=\"400\" height=\"300\" src=\"https:\/\/ruba-thermoplast.ch\/wp-content\/uploads\/2022\/08\/neuer_maschinenpark.jpg\" class=\"attachment-full size-full wp-image-1331\" alt=\"\" srcset=\"https:\/\/ruba-thermoplast.ch\/wp-content\/uploads\/2022\/08\/neuer_maschinenpark.jpg 400w, https:\/\/ruba-thermoplast.ch\/wp-content\/uploads\/2022\/08\/neuer_maschinenpark-300x225.jpg 300w\" sizes=\"(max-width: 400px) 100vw, 400px\" \/><\/div>\t\t\t\t<div class=\"timeline-item__card-content\">\n\t\t\t\t\t<div class=\"timeline-item__meta\"><\/div><h3 class=\"timeline-item__card-title\">2006<\/h3><div class=\"timeline-item__card-desc\">Investment in new machines and automation devices<\/div>\t\t\t\t<\/div>\n\t\t\t\t\t\t<\/div>\n\t\t<div class=\"timeline-item__card-arrow\"><\/div>\n\t<\/div>\n\t<div class=\"timeline-item__point\"><div class=\"timeline-item__point-content timeline-item__point-content--icon\"><span class=\"jet-elements-icon\"><i aria-hidden=\"true\" class=\"fas fa-calendar-alt\"><\/i><\/span><\/div><\/div><div class=\"timeline-item__meta\"><\/div><\/div><div class=\"jet-timeline-item jet-timeline-item--animated elementor-repeater-item-f2363ef jet-timeline-item--image-inside\">\n\t<div class=\"timeline-item__card\">\n\t\t<div class=\"timeline-item__card-inner\">\n\t\t\t\t<div class=\"timeline-item__card-img\"><img loading=\"lazy\" decoding=\"async\" width=\"1920\" height=\"1362\" src=\"https:\/\/ruba-thermoplast.ch\/wp-content\/uploads\/2022\/08\/JB.jpg\" class=\"attachment-full size-full wp-image-2485\" alt=\"\" srcset=\"https:\/\/ruba-thermoplast.ch\/wp-content\/uploads\/2022\/08\/JB.jpg 1920w, https:\/\/ruba-thermoplast.ch\/wp-content\/uploads\/2022\/08\/JB-300x213.jpg 300w, https:\/\/ruba-thermoplast.ch\/wp-content\/uploads\/2022\/08\/JB-1024x726.jpg 1024w, https:\/\/ruba-thermoplast.ch\/wp-content\/uploads\/2022\/08\/JB-768x545.jpg 768w, https:\/\/ruba-thermoplast.ch\/wp-content\/uploads\/2022\/08\/JB-1536x1090.jpg 1536w, https:\/\/ruba-thermoplast.ch\/wp-content\/uploads\/2022\/08\/JB-18x12.jpg 18w\" sizes=\"(max-width: 1920px) 100vw, 1920px\" \/><\/div>\t\t\t\t<div class=\"timeline-item__card-content\">\n\t\t\t\t\t<div class=\"timeline-item__meta\"><\/div><h3 class=\"timeline-item__card-title\">2003<\/h3><div class=\"timeline-item__card-desc\">Mr. Jost Baumgartner takes over the management in the 2nd generation<\/div>\t\t\t\t<\/div>\n\t\t\t\t\t\t<\/div>\n\t\t<div class=\"timeline-item__card-arrow\"><\/div>\n\t<\/div>\n\t<div class=\"timeline-item__point\"><div class=\"timeline-item__point-content timeline-item__point-content--icon\"><span class=\"jet-elements-icon\"><i aria-hidden=\"true\" class=\"fas fa-calendar-alt\"><\/i><\/span><\/div><\/div><div class=\"timeline-item__meta\"><\/div><\/div><div class=\"jet-timeline-item jet-timeline-item--animated elementor-repeater-item-ef94908 jet-timeline-item--image-inside\">\n\t<div class=\"timeline-item__card\">\n\t\t<div class=\"timeline-item__card-inner\">\n\t\t\t\t<div class=\"timeline-item__card-img\"><img loading=\"lazy\" decoding=\"async\" width=\"400\" height=\"200\" src=\"https:\/\/ruba-thermoplast.ch\/wp-content\/uploads\/2022\/08\/ISO_9001.png\" class=\"attachment-large size-large wp-image-2480\" alt=\"\" srcset=\"https:\/\/ruba-thermoplast.ch\/wp-content\/uploads\/2022\/08\/ISO_9001.png 400w, https:\/\/ruba-thermoplast.ch\/wp-content\/uploads\/2022\/08\/ISO_9001-300x150.png 300w, https:\/\/ruba-thermoplast.ch\/wp-content\/uploads\/2022\/08\/ISO_9001-18x9.png 18w\" sizes=\"(max-width: 400px) 100vw, 400px\" \/><\/div>\t\t\t\t<div class=\"timeline-item__card-content\">\n\t\t\t\t\t<div class=\"timeline-item__meta\"><\/div><h3 class=\"timeline-item__card-title\">1998<\/h3><div class=\"timeline-item__card-desc\">ISO 9001 certification<\/div>\t\t\t\t<\/div>\n\t\t\t\t\t\t<\/div>\n\t\t<div class=\"timeline-item__card-arrow\"><\/div>\n\t<\/div>\n\t<div class=\"timeline-item__point\"><div class=\"timeline-item__point-content timeline-item__point-content--icon\"><span class=\"jet-elements-icon\"><i aria-hidden=\"true\" class=\"fas fa-calendar-alt\"><\/i><\/span><\/div><\/div><div class=\"timeline-item__meta\"><\/div><\/div><div class=\"jet-timeline-item jet-timeline-item--animated elementor-repeater-item-06482b2 jet-timeline-item--image-inside\">\n\t<div class=\"timeline-item__card\">\n\t\t<div class=\"timeline-item__card-inner\">\n\t\t\t\t<div class=\"timeline-item__card-img\"><img loading=\"lazy\" decoding=\"async\" width=\"400\" height=\"248\" src=\"https:\/\/ruba-thermoplast.ch\/wp-content\/uploads\/2022\/08\/anbau_lager.jpg\" class=\"attachment-full size-full wp-image-1336\" alt=\"\" srcset=\"https:\/\/ruba-thermoplast.ch\/wp-content\/uploads\/2022\/08\/anbau_lager.jpg 400w, https:\/\/ruba-thermoplast.ch\/wp-content\/uploads\/2022\/08\/anbau_lager-300x186.jpg 300w\" sizes=\"(max-width: 400px) 100vw, 400px\" \/><\/div>\t\t\t\t<div class=\"timeline-item__card-content\">\n\t\t\t\t\t<div class=\"timeline-item__meta\"><\/div><h3 class=\"timeline-item__card-title\">1990<\/h3><div class=\"timeline-item__card-desc\">Warehouse extension<\/div>\t\t\t\t<\/div>\n\t\t\t\t\t\t<\/div>\n\t\t<div class=\"timeline-item__card-arrow\"><\/div>\n\t<\/div>\n\t<div class=\"timeline-item__point\"><div class=\"timeline-item__point-content timeline-item__point-content--icon\"><span class=\"jet-elements-icon\"><i aria-hidden=\"true\" class=\"fas fa-calendar-alt\"><\/i><\/span><\/div><\/div><div class=\"timeline-item__meta\"><\/div><\/div><div class=\"jet-timeline-item jet-timeline-item--animated elementor-repeater-item-33deae6 jet-timeline-item--image-inside\">\n\t<div class=\"timeline-item__card\">\n\t\t<div class=\"timeline-item__card-inner\">\n\t\t\t\t<div class=\"timeline-item__card-img\"><img loading=\"lazy\" decoding=\"async\" width=\"400\" height=\"236\" src=\"https:\/\/ruba-thermoplast.ch\/wp-content\/uploads\/2022\/08\/neubau.jpg\" class=\"attachment-full size-full wp-image-1337\" alt=\"\" srcset=\"https:\/\/ruba-thermoplast.ch\/wp-content\/uploads\/2022\/08\/neubau.jpg 400w, https:\/\/ruba-thermoplast.ch\/wp-content\/uploads\/2022\/08\/neubau-300x177.jpg 300w\" sizes=\"(max-width: 400px) 100vw, 400px\" \/><\/div>\t\t\t\t<div class=\"timeline-item__card-content\">\n\t\t\t\t\t<div class=\"timeline-item__meta\"><\/div><h3 class=\"timeline-item__card-title\">1974<\/h3><div class=\"timeline-item__card-desc\">New building in Zuzgen<\/div>\t\t\t\t<\/div>\n\t\t\t\t\t\t<\/div>\n\t\t<div class=\"timeline-item__card-arrow\"><\/div>\n\t<\/div>\n\t<div class=\"timeline-item__point\"><div class=\"timeline-item__point-content timeline-item__point-content--icon\"><span class=\"jet-elements-icon\"><i aria-hidden=\"true\" class=\"fas fa-calendar-alt\"><\/i><\/span><\/div><\/div><div class=\"timeline-item__meta\"><\/div><\/div><div class=\"jet-timeline-item jet-timeline-item--animated elementor-repeater-item-dd3c864 jet-timeline-item--image-inside\">\n\t<div class=\"timeline-item__card\">\n\t\t<div class=\"timeline-item__card-inner\">\n\t\t\t\t<div class=\"timeline-item__card-img\"><img loading=\"lazy\" decoding=\"async\" width=\"400\" height=\"474\" src=\"https:\/\/ruba-thermoplast.ch\/wp-content\/uploads\/2022\/08\/gruendung.jpg\" class=\"attachment-full size-full wp-image-1338\" alt=\"\" srcset=\"https:\/\/ruba-thermoplast.ch\/wp-content\/uploads\/2022\/08\/gruendung.jpg 400w, https:\/\/ruba-thermoplast.ch\/wp-content\/uploads\/2022\/08\/gruendung-253x300.jpg 253w\" sizes=\"(max-width: 400px) 100vw, 400px\" \/><\/div>\t\t\t\t<div class=\"timeline-item__card-content\">\n\t\t\t\t\t<div class=\"timeline-item__meta\"><\/div><h3 class=\"timeline-item__card-title\">1958<\/h3><div class=\"timeline-item__card-desc\">Foundation of the company by <strong> RU<\/strong>dolf <strong> BA<\/strong>umgartner of the <strong> RUBA<\/strong> Thermoplast AG\n\n<\/div>\t\t\t\t<\/div>\n\t\t\t\t\t\t<\/div>\n\t\t<div class=\"timeline-item__card-arrow\"><\/div>\n\t<\/div>\n\t<div class=\"timeline-item__point\"><div class=\"timeline-item__point-content timeline-item__point-content--icon\"><span class=\"jet-elements-icon\"><i aria-hidden=\"true\" class=\"fas fa-calendar-alt\"><\/i><\/span><\/div><\/div><div class=\"timeline-item__meta\"><\/div><\/div><\/div><\/div><\/div>\t\t\t\t<\/div>\n\t\t\t\t<\/div>\n\t\t\t\t\t<\/div>\n\t\t<\/div>\n\t\t\t\t\t<\/div>\n\t\t<\/section>\n\t\t\t\t<\/div>","protected":false},"excerpt":{"rendered":"<p>Die Geschichte der RUBA Thermoplast AG 2023 Bau einer Solaranlage 2020 Frau Sarah Rieder \u00fcbernimmt die Gesch\u00e4ftsleitung in der 3. Generation 2017 Erweiterung der Lagerkapazit\u00e4t um 725m2 2016 Kauf von zwei Roboter 2014 Erweiterung der Lagerkapazit\u00e4t um 380m2 &#038; Bau eines Reinraumes 2010 Komplette Erneuerung des Maschinenparks und Erh\u00f6hung der Produktionsmengen 2009 Strategie\u00e4nderung der Preise [&hellip;]<\/p>\n","protected":false},"author":5,"featured_media":0,"parent":0,"menu_order":0,"comment_status":"closed","ping_status":"closed","template":"","meta":{"footnotes":""},"class_list":["post-1833","page","type-page","status-publish","hentry"],"_links":{"self":[{"href":"https:\/\/ruba-thermoplast.ch\/en\/wp-json\/wp\/v2\/pages\/1833","targetHints":{"allow":["GET"]}}],"collection":[{"href":"https:\/\/ruba-thermoplast.ch\/en\/wp-json\/wp\/v2\/pages"}],"about":[{"href":"https:\/\/ruba-thermoplast.ch\/en\/wp-json\/wp\/v2\/types\/page"}],"author":[{"embeddable":true,"href":"https:\/\/ruba-thermoplast.ch\/en\/wp-json\/wp\/v2\/users\/5"}],"replies":[{"embeddable":true,"href":"https:\/\/ruba-thermoplast.ch\/en\/wp-json\/wp\/v2\/comments?post=1833"}],"version-history":[{"count":0,"href":"https:\/\/ruba-thermoplast.ch\/en\/wp-json\/wp\/v2\/pages\/1833\/revisions"}],"wp:attachment":[{"href":"https:\/\/ruba-thermoplast.ch\/en\/wp-json\/wp\/v2\/media?parent=1833"}],"curies":[{"name":"wp","href":"https:\/\/api.w.org\/{rel}","templated":true}]}}