{"id":548,"date":"2022-06-27T06:06:22","date_gmt":"2022-06-27T06:06:22","guid":{"rendered":"https:\/\/ruba-thermoplast.ch\/?page_id=548"},"modified":"2022-09-26T14:32:19","modified_gmt":"2022-09-26T14:32:19","slug":"lohnarbeit","status":"publish","type":"page","link":"https:\/\/ruba-thermoplast.ch\/en\/lohnarbeit\/","title":{"rendered":"Contract work"},"content":{"rendered":"<div data-elementor-type=\"wp-page\" data-elementor-id=\"548\" class=\"elementor elementor-548\" data-elementor-post-type=\"page\">\n\t\t\t\t\t\t<section class=\"elementor-section elementor-top-section elementor-element elementor-element-7baf1214 elementor-section-full_width elementor-section-height-min-height elementor-section-height-default elementor-section-items-middle\" data-id=\"7baf1214\" data-element_type=\"section\" data-settings=\"{&quot;background_background&quot;:&quot;video&quot;,&quot;background_video_link&quot;:&quot;https:\\\/\\\/ruba-thermoplast.ch\\\/wp-content\\\/uploads\\\/2022\\\/05\\\/main.mp4&quot;,&quot;background_play_on_mobile&quot;:&quot;yes&quot;,&quot;jet_parallax_layout_list&quot;:[]}\">\n\t\t\t\t\t\t\t\t<div class=\"elementor-background-video-container\">\n\t\t\t\t\t\t\t\t\t\t\t\t\t<video class=\"elementor-background-video-hosted\" autoplay muted playsinline loop><\/video>\n\t\t\t\t\t\t\t\t\t\t\t<\/div>\n\t\t\t\t\t\t\t\t\t<div class=\"elementor-background-overlay\"><\/div>\n\t\t\t\t\t\t\t<div class=\"elementor-container elementor-column-gap-default\">\n\t\t\t\t\t<div class=\"elementor-column elementor-col-100 elementor-top-column elementor-element elementor-element-1789ae2\" data-id=\"1789ae2\" data-element_type=\"column\">\n\t\t\t<div class=\"elementor-widget-wrap elementor-element-populated\">\n\t\t\t\t\t\t<div class=\"elementor-element elementor-element-15326c81 elementor-widget elementor-widget-heading\" data-id=\"15326c81\" data-element_type=\"widget\" data-widget_type=\"heading.default\">\n\t\t\t\t<div class=\"elementor-widget-container\">\n\t\t\t\t\t<h2 class=\"elementor-heading-title elementor-size-default\">Contract work<\/h2>\t\t\t\t<\/div>\n\t\t\t\t<\/div>\n\t\t\t\t\t<\/div>\n\t\t<\/div>\n\t\t\t\t\t<\/div>\n\t\t<\/section>\n\t\t\t\t<section class=\"elementor-section elementor-top-section elementor-element elementor-element-20e37c4 elementor-section-full_width elementor-section-height-min-height elementor-section-height-default elementor-section-items-middle\" data-id=\"20e37c4\" data-element_type=\"section\" data-settings=\"{&quot;jet_parallax_layout_list&quot;:[],&quot;background_background&quot;:&quot;classic&quot;}\">\n\t\t\t\t\t\t<div class=\"elementor-container elementor-column-gap-default\">\n\t\t\t\t\t<div class=\"elementor-column elementor-col-33 elementor-top-column elementor-element elementor-element-081dec8\" data-id=\"081dec8\" data-element_type=\"column\">\n\t\t\t<div class=\"elementor-widget-wrap elementor-element-populated\">\n\t\t\t\t\t\t<div class=\"elementor-element elementor-element-0afc024 elementor-widget elementor-widget-image\" data-id=\"0afc024\" data-element_type=\"widget\" data-widget_type=\"image.default\">\n\t\t\t\t<div class=\"elementor-widget-container\">\n\t\t\t\t\t\t\t\t\t\t\t\t\t\t\t<img fetchpriority=\"high\" decoding=\"async\" width=\"800\" height=\"450\" src=\"https:\/\/ruba-thermoplast.ch\/wp-content\/uploads\/2022\/08\/Lohnarbeiten_Ausschnitt_2-1024x576.jpg\" class=\"attachment-large size-large wp-image-1772\" alt=\"\" srcset=\"https:\/\/ruba-thermoplast.ch\/wp-content\/uploads\/2022\/08\/Lohnarbeiten_Ausschnitt_2-1024x576.jpg 1024w, https:\/\/ruba-thermoplast.ch\/wp-content\/uploads\/2022\/08\/Lohnarbeiten_Ausschnitt_2-300x169.jpg 300w, https:\/\/ruba-thermoplast.ch\/wp-content\/uploads\/2022\/08\/Lohnarbeiten_Ausschnitt_2-768x432.jpg 768w, https:\/\/ruba-thermoplast.ch\/wp-content\/uploads\/2022\/08\/Lohnarbeiten_Ausschnitt_2-1536x864.jpg 1536w, https:\/\/ruba-thermoplast.ch\/wp-content\/uploads\/2022\/08\/Lohnarbeiten_Ausschnitt_2-18x10.jpg 18w, https:\/\/ruba-thermoplast.ch\/wp-content\/uploads\/2022\/08\/Lohnarbeiten_Ausschnitt_2.jpg 1920w\" sizes=\"(max-width: 800px) 100vw, 800px\" \/>\t\t\t\t\t\t\t\t\t\t\t\t\t\t\t<\/div>\n\t\t\t\t<\/div>\n\t\t\t\t\t<\/div>\n\t\t<\/div>\n\t\t\t\t<div class=\"elementor-column elementor-col-33 elementor-top-column elementor-element elementor-element-1b1b0c3\" data-id=\"1b1b0c3\" data-element_type=\"column\">\n\t\t\t<div class=\"elementor-widget-wrap elementor-element-populated\">\n\t\t\t\t\t\t<div class=\"elementor-element elementor-element-784522d elementor-widget elementor-widget-heading\" data-id=\"784522d\" data-element_type=\"widget\" data-widget_type=\"heading.default\">\n\t\t\t\t<div class=\"elementor-widget-container\">\n\t\t\t\t\t<h2 class=\"elementor-heading-title elementor-size-default\">Contract work<\/h2>\t\t\t\t<\/div>\n\t\t\t\t<\/div>\n\t\t\t\t<div class=\"elementor-element elementor-element-3ae828b elementor-widget elementor-widget-text-editor\" data-id=\"3ae828b\" data-element_type=\"widget\" data-widget_type=\"text-editor.default\">\n\t\t\t\t<div class=\"elementor-widget-container\">\n\t\t\t\t\t\t\t\t\t<p>Our core expertise is in the development and in metal-cutting production. We accompany you from the idea to the finished product.<\/p><p>If it's turning, milling or drilling, we care for your individual requirements, your needs and we focus on the best quality within short delivery times.<\/p><p>You will find our materials to be machined in <a href=\"https:\/\/www.ruba-lohnarbeiten.ch\/index.php\/werkstoffe\" target=\"_blank\" rel=\"noopener\">here<\/a>.<\/p>\t\t\t\t\t\t\t\t<\/div>\n\t\t\t\t<\/div>\n\t\t\t\t<div class=\"elementor-element elementor-element-8cf7339 elementor-mobile-align-center elementor-widget elementor-widget-button\" data-id=\"8cf7339\" data-element_type=\"widget\" data-widget_type=\"button.default\">\n\t\t\t\t<div class=\"elementor-widget-container\">\n\t\t\t\t\t\t\t\t\t<div class=\"elementor-button-wrapper\">\n\t\t\t\t\t<a class=\"elementor-button elementor-button-link elementor-size-xs\" href=\"mailto:technical@ruba-thermoplast.ch\">\n\t\t\t\t\t\t<span class=\"elementor-button-content-wrapper\">\n\t\t\t\t\t\t\t\t\t<span class=\"elementor-button-text\">Consulting<\/span>\n\t\t\t\t\t<\/span>\n\t\t\t\t\t<\/a>\n\t\t\t\t<\/div>\n\t\t\t\t\t\t\t\t<\/div>\n\t\t\t\t<\/div>\n\t\t\t\t<div class=\"elementor-element elementor-element-45fcc9e elementor-mobile-align-center elementor-widget elementor-widget-button\" data-id=\"45fcc9e\" data-element_type=\"widget\" data-widget_type=\"button.default\">\n\t\t\t\t<div class=\"elementor-widget-container\">\n\t\t\t\t\t\t\t\t\t<div class=\"elementor-button-wrapper\">\n\t\t\t\t\t<a class=\"elementor-button elementor-button-link elementor-size-xs\" href=\"https:\/\/ruba-thermoplast.ch\/en\/\" target=\"_blank\">\n\t\t\t\t\t\t<span class=\"elementor-button-content-wrapper\">\n\t\t\t\t\t\t\t\t\t<span class=\"elementor-button-text\">Back<\/span>\n\t\t\t\t\t<\/span>\n\t\t\t\t\t<\/a>\n\t\t\t\t<\/div>\n\t\t\t\t\t\t\t\t<\/div>\n\t\t\t\t<\/div>\n\t\t\t\t\t<\/div>\n\t\t<\/div>\n\t\t\t\t<div class=\"elementor-column elementor-col-33 elementor-top-column elementor-element elementor-element-78e22d6\" data-id=\"78e22d6\" data-element_type=\"column\">\n\t\t\t<div class=\"elementor-widget-wrap\">\n\t\t\t\t\t\t\t<\/div>\n\t\t<\/div>\n\t\t\t\t\t<\/div>\n\t\t<\/section>\n\t\t\t\t<\/div>","protected":false},"excerpt":{"rendered":"<p>Lohnarbeiten Unsere Kernkompetenz liegt in der spanabhebenden Fertigung. Wir begleiten Sie von der Idee bis zum fertigen Produkt. Sei es Drehen, Fr\u00e4sen oder Bohren, wir gehen auf Ihre Bed\u00fcrfnisse ein und setzen auf beste Qualit\u00e4t und kurze Lieferzeiten. Unsere \u00fcblich zu bearbeitenden Werkstoffe finden Sie hier. Beratung zur\u00fcck<\/p>","protected":false},"author":1,"featured_media":0,"parent":0,"menu_order":0,"comment_status":"closed","ping_status":"closed","template":"elementor_header_footer","meta":{"footnotes":""},"class_list":["post-548","page","type-page","status-publish","hentry"],"_links":{"self":[{"href":"https:\/\/ruba-thermoplast.ch\/en\/wp-json\/wp\/v2\/pages\/548","targetHints":{"allow":["GET"]}}],"collection":[{"href":"https:\/\/ruba-thermoplast.ch\/en\/wp-json\/wp\/v2\/pages"}],"about":[{"href":"https:\/\/ruba-thermoplast.ch\/en\/wp-json\/wp\/v2\/types\/page"}],"author":[{"embeddable":true,"href":"https:\/\/ruba-thermoplast.ch\/en\/wp-json\/wp\/v2\/users\/1"}],"replies":[{"embeddable":true,"href":"https:\/\/ruba-thermoplast.ch\/en\/wp-json\/wp\/v2\/comments?post=548"}],"version-history":[{"count":0,"href":"https:\/\/ruba-thermoplast.ch\/en\/wp-json\/wp\/v2\/pages\/548\/revisions"}],"wp:attachment":[{"href":"https:\/\/ruba-thermoplast.ch\/en\/wp-json\/wp\/v2\/media?parent=548"}],"curies":[{"name":"wp","href":"https:\/\/api.w.org\/{rel}","templated":true}]}}