{"id":6331,"date":"2026-01-12T15:32:55","date_gmt":"2026-01-12T14:32:55","guid":{"rendered":"https:\/\/ruba-thermoplast.ch\/?page_id=6331"},"modified":"2026-01-13T14:00:08","modified_gmt":"2026-01-13T13:00:08","slug":"reinigungskraft-m-w-d","status":"publish","type":"page","link":"https:\/\/ruba-thermoplast.ch\/fr\/reinigungskraft-m-w-d\/","title":{"rendered":"Reinigungskraft (m\/w\/d)"},"content":{"rendered":"<div data-elementor-type=\"wp-page\" data-elementor-id=\"6331\" class=\"elementor elementor-6331\" data-elementor-post-type=\"page\">\n\t\t\t\t\t\t<section class=\"elementor-section elementor-top-section elementor-element elementor-element-5f97f88 elementor-section-boxed elementor-section-height-default elementor-section-height-default\" data-id=\"5f97f88\" data-element_type=\"section\" data-settings=\"{&quot;jet_parallax_layout_list&quot;:[],&quot;background_background&quot;:&quot;gradient&quot;}\">\n\t\t\t\t\t\t<div class=\"elementor-container elementor-column-gap-default\">\n\t\t\t\t\t<div class=\"elementor-column elementor-col-50 elementor-top-column elementor-element elementor-element-5221af7\" data-id=\"5221af7\" data-element_type=\"column\">\n\t\t\t<div class=\"elementor-widget-wrap elementor-element-populated\">\n\t\t\t\t\t\t<div class=\"elementor-element elementor-element-12a1003 elementor-widget elementor-widget-text-editor\" data-id=\"12a1003\" data-element_type=\"widget\" data-widget_type=\"text-editor.default\">\n\t\t\t\t<div class=\"elementor-widget-container\">\n\t\t\t\t\t\t\t\t\t<h5>\u00a0<\/h5><h3><strong><span class=\"OYPEnA font-feature-liga-off font-feature-clig-off font-feature-calt-off text-decoration-none text-strikethrough-none\">WIR SUCHEN:<\/span><\/strong><\/h3>\t\t\t\t\t\t\t\t<\/div>\n\t\t\t\t<\/div>\n\t\t\t\t<div class=\"elementor-element elementor-element-0c1a709 elementor-widget__width-inherit elementor-widget elementor-widget-tp-adv-text-block\" data-id=\"0c1a709\" data-element_type=\"widget\" data-widget_type=\"tp-adv-text-block.default\">\n\t\t\t\t<div class=\"elementor-widget-container\">\n\t\t\t\t\t<div class=\"pt-plus-text-block-wrapper\" ><div class=\"text_block_parallax\"><div class=\"pt_plus_adv_text_block\" ><div class=\"text-content-block\"><h2 style=\"text-align: left\">Reinigungskraft 30% \u2013 40% (m\/w\/d)<\/h2><\/div><\/div><\/div><\/div>\t\t\t\t<\/div>\n\t\t\t\t<\/div>\n\t\t\t\t<div class=\"elementor-element elementor-element-952fa11 elementor-widget elementor-widget-text-editor\" data-id=\"952fa11\" data-element_type=\"widget\" data-widget_type=\"text-editor.default\">\n\t\t\t\t<div class=\"elementor-widget-container\">\n\t\t\t\t\t\t\t\t\t<h3><strong><span class=\"OYPEnA font-feature-liga-off font-feature-clig-off font-feature-calt-off text-decoration-none text-strikethrough-none\">START AB SOFORT<\/span><\/strong><\/h3><h6><strong><span class=\"OYPEnA font-feature-liga-off font-feature-clig-off font-feature-calt-off text-decoration-none text-strikethrough-none\">oder nach Absprache<\/span><\/strong><\/h6>\t\t\t\t\t\t\t\t<\/div>\n\t\t\t\t<\/div>\n\t\t\t\t\t<\/div>\n\t\t<\/div>\n\t\t\t\t<div class=\"elementor-column elementor-col-50 elementor-top-column elementor-element elementor-element-9960840\" data-id=\"9960840\" data-element_type=\"column\">\n\t\t\t<div class=\"elementor-widget-wrap elementor-element-populated\">\n\t\t\t\t\t\t<div class=\"elementor-element elementor-element-e1f871d elementor-widget elementor-widget-image\" data-id=\"e1f871d\" data-element_type=\"widget\" data-widget_type=\"image.default\">\n\t\t\t\t<div class=\"elementor-widget-container\">\n\t\t\t\t\t\t\t\t\t\t\t\t\t\t\t<img fetchpriority=\"high\" decoding=\"async\" width=\"706\" height=\"668\" src=\"https:\/\/ruba-thermoplast.ch\/wp-content\/uploads\/2026\/01\/Kopie-von-KV-Lehrling-1.png\" class=\"attachment-large size-large wp-image-6337\" alt=\"\" srcset=\"https:\/\/ruba-thermoplast.ch\/wp-content\/uploads\/2026\/01\/Kopie-von-KV-Lehrling-1.png 706w, https:\/\/ruba-thermoplast.ch\/wp-content\/uploads\/2026\/01\/Kopie-von-KV-Lehrling-1-300x284.png 300w, https:\/\/ruba-thermoplast.ch\/wp-content\/uploads\/2026\/01\/Kopie-von-KV-Lehrling-1-13x12.png 13w\" sizes=\"(max-width: 706px) 100vw, 706px\" \/>\t\t\t\t\t\t\t\t\t\t\t\t\t\t\t<\/div>\n\t\t\t\t<\/div>\n\t\t\t\t\t<\/div>\n\t\t<\/div>\n\t\t\t\t\t<\/div>\n\t\t<\/section>\n\t\t\t\t<section class=\"elementor-section elementor-top-section elementor-element elementor-element-7b0a285 elementor-section-boxed elementor-section-height-default elementor-section-height-default\" data-id=\"7b0a285\" data-element_type=\"section\" data-settings=\"{&quot;jet_parallax_layout_list&quot;:[],&quot;background_background&quot;:&quot;classic&quot;}\">\n\t\t\t\t\t\t<div class=\"elementor-container elementor-column-gap-default\">\n\t\t\t\t\t<div class=\"elementor-column elementor-col-50 elementor-top-column elementor-element elementor-element-e912a04\" data-id=\"e912a04\" data-element_type=\"column\">\n\t\t\t<div class=\"elementor-widget-wrap elementor-element-populated\">\n\t\t\t\t\t\t<div class=\"elementor-element elementor-element-96c9800 elementor-widget elementor-widget-text-editor\" data-id=\"96c9800\" data-element_type=\"widget\" data-widget_type=\"text-editor.default\">\n\t\t\t\t<div class=\"elementor-widget-container\">\n\t\t\t\t\t\t\t\t\t<p class=\"cvGsUA direction-ltr align-start para-style-body\"><span class=\"OYPEnA font-feature-liga-off font-feature-clig-off font-feature-calt-off text-decoration-none text-strikethrough-none\">Die RUBA Thermoplast AG mit Sitz in Zuzgen ist ein innovatives Produktionsunternehmen, das hochwertige Kunststoffverschl\u00fcsse und Werkzeuge f\u00fcr die Bereiche Kosmetik, Pharma, Lebensmittel sowie technische Anwendungen herstellt.<\/span><\/p><p>\u00a0<\/p><p class=\"cvGsUA direction-ltr align-start para-style-body\">Zur Erg\u00e4nzung unseres Betriebs suchen wir eine zuverl\u00e4ssige Reinigungskraft, die ihre Arbeit selbstst\u00e4ndig und sorgf\u00e4ltig ausf\u00fchrt.<\/p>\t\t\t\t\t\t\t\t<\/div>\n\t\t\t\t<\/div>\n\t\t\t\t<div class=\"elementor-element elementor-element-92e045d elementor-widget-divider--view-line elementor-widget elementor-widget-divider\" data-id=\"92e045d\" data-element_type=\"widget\" data-widget_type=\"divider.default\">\n\t\t\t\t<div class=\"elementor-widget-container\">\n\t\t\t\t\t\t\t<div class=\"elementor-divider\">\n\t\t\t<span class=\"elementor-divider-separator\">\n\t\t\t\t\t\t<\/span>\n\t\t<\/div>\n\t\t\t\t\t\t<\/div>\n\t\t\t\t<\/div>\n\t\t\t\t<div class=\"elementor-element elementor-element-66772cc elementor-widget elementor-widget-text-editor\" data-id=\"66772cc\" data-element_type=\"widget\" data-widget_type=\"text-editor.default\">\n\t\t\t\t<div class=\"elementor-widget-container\">\n\t\t\t\t\t\t\t\t\t<p><strong><span class=\"OYPEnA font-feature-liga-off font-feature-clig-off font-feature-calt-off text-decoration-none text-strikethrough-none\">\ud83c\udfaf DAS ERWATET DICH:<\/span><\/strong><\/p>\t\t\t\t\t\t\t\t<\/div>\n\t\t\t\t<\/div>\n\t\t\t\t<div class=\"elementor-element elementor-element-be26d49 elementor-widget elementor-widget-text-editor\" data-id=\"be26d49\" data-element_type=\"widget\" data-widget_type=\"text-editor.default\">\n\t\t\t\t<div class=\"elementor-widget-container\">\n\t\t\t\t\t\t\t\t\t<ul><li>Gr\u00fcndliche Reinigung unserer Produktions- und B\u00fcror\u00e4umlichkeite<\/li><li>Pflege der Sanit\u00e4ranlagen<\/li><li>Fachgerechter Einsatz von Reinigungs- und Pflegemitteln<\/li><li>Abfallentsorgung und -trennung<\/li><li>Wartung und Unterhalt der Reinigungsger\u00e4te<\/li><\/ul>\t\t\t\t\t\t\t\t<\/div>\n\t\t\t\t<\/div>\n\t\t\t\t<div class=\"elementor-element elementor-element-16b6f79 elementor-widget-divider--view-line elementor-widget elementor-widget-divider\" data-id=\"16b6f79\" data-element_type=\"widget\" data-widget_type=\"divider.default\">\n\t\t\t\t<div class=\"elementor-widget-container\">\n\t\t\t\t\t\t\t<div class=\"elementor-divider\">\n\t\t\t<span class=\"elementor-divider-separator\">\n\t\t\t\t\t\t<\/span>\n\t\t<\/div>\n\t\t\t\t\t\t<\/div>\n\t\t\t\t<\/div>\n\t\t\t\t<div class=\"elementor-element elementor-element-ddcc1ce elementor-widget elementor-widget-text-editor\" data-id=\"ddcc1ce\" data-element_type=\"widget\" data-widget_type=\"text-editor.default\">\n\t\t\t\t<div class=\"elementor-widget-container\">\n\t\t\t\t\t\t\t\t\t<p>\u00a0<strong><span class=\"OYPEnA font-feature-liga-off font-feature-clig-off font-feature-calt-off text-decoration-none text-strikethrough-none\">\ud83d\udcda DAS SOLLTEST DU MITBRINGEN:<\/span><\/strong><\/p>\t\t\t\t\t\t\t\t<\/div>\n\t\t\t\t<\/div>\n\t\t\t\t<div class=\"elementor-element elementor-element-e1557a5 elementor-widget elementor-widget-text-editor\" data-id=\"e1557a5\" data-element_type=\"widget\" data-widget_type=\"text-editor.default\">\n\t\t\t\t<div class=\"elementor-widget-container\">\n\t\t\t\t\t\t\t\t\t<ul><li>Selbstst\u00e4ndige und sorgf\u00e4ltige Arbeitsweise<\/li><li>Mehrj\u00e4hrige Erfahrung in der Reinigung<\/li><li>Gute m\u00fcndliche Deutschkenntnisse<\/li><\/ul>\t\t\t\t\t\t\t\t<\/div>\n\t\t\t\t<\/div>\n\t\t\t\t<div class=\"elementor-element elementor-element-3e543a0 elementor-widget-divider--view-line elementor-widget elementor-widget-divider\" data-id=\"3e543a0\" data-element_type=\"widget\" data-widget_type=\"divider.default\">\n\t\t\t\t<div class=\"elementor-widget-container\">\n\t\t\t\t\t\t\t<div class=\"elementor-divider\">\n\t\t\t<span class=\"elementor-divider-separator\">\n\t\t\t\t\t\t<\/span>\n\t\t<\/div>\n\t\t\t\t\t\t<\/div>\n\t\t\t\t<\/div>\n\t\t\t\t<div class=\"elementor-element elementor-element-7b8e694 elementor-widget elementor-widget-text-editor\" data-id=\"7b8e694\" data-element_type=\"widget\" data-widget_type=\"text-editor.default\">\n\t\t\t\t<div class=\"elementor-widget-container\">\n\t\t\t\t\t\t\t\t\t<p>\u00a0<strong><span class=\"OYPEnA font-feature-liga-off font-feature-clig-off font-feature-calt-off text-decoration-none text-strikethrough-none\">\ud83c\udfd6\ufe0f DAS BIETEN WIR DIR:<\/span><\/strong><\/p>\t\t\t\t\t\t\t\t<\/div>\n\t\t\t\t<\/div>\n\t\t\t\t<div class=\"elementor-element elementor-element-c92b571 elementor-widget elementor-widget-text-editor\" data-id=\"c92b571\" data-element_type=\"widget\" data-widget_type=\"text-editor.default\">\n\t\t\t\t<div class=\"elementor-widget-container\">\n\t\t\t\t\t\t\t\t\t<ul><li>Flexible Arbeitszeiten zur besseren Vereinbarkeit von Beruf und Privatleben<\/li><li>Eine abwechslungsreiche T\u00e4tigkeit in einem zukunftsorientierten und dynamischen Unternehmen<\/li><li>Langfristige Zusammenarbeit, Respektvoller Umgang auf Augenh\u00f6he und Wertsch\u00e4tzung der Arbeit<\/li><\/ul>\t\t\t\t\t\t\t\t<\/div>\n\t\t\t\t<\/div>\n\t\t\t\t\t<\/div>\n\t\t<\/div>\n\t\t\t\t<div class=\"elementor-column elementor-col-50 elementor-top-column elementor-element elementor-element-433a21e\" data-id=\"433a21e\" data-element_type=\"column\">\n\t\t\t<div class=\"elementor-widget-wrap elementor-element-populated\">\n\t\t\t\t\t\t<div class=\"elementor-element elementor-element-0ed32f0 elementor-widget elementor-widget-text-editor\" data-id=\"0ed32f0\" data-element_type=\"widget\" data-widget_type=\"text-editor.default\">\n\t\t\t\t<div class=\"elementor-widget-container\">\n\t\t\t\t\t\t\t\t\t<p><span class=\"OYPEnA font-feature-liga-off font-feature-clig-off font-feature-calt-off text-decoration-none text-strikethrough-none\">Ein harmonisches Arbeitsumfeld ist uns wichtig \u2013 wir legen grossen Wert auf gegenseitige Wertsch\u00e4tzung, Teamgeist und ein respektvolles Miteinander. <\/span>M\u00f6chtest du Teil eines modernen Teams werden und von Anfang an mit anpacken? Dann nutze deine Chance und bewirb dich bei uns!<\/p>\t\t\t\t\t\t\t\t<\/div>\n\t\t\t\t<\/div>\n\t\t\t\t<div class=\"elementor-element elementor-element-1ce810a elementor-widget elementor-widget-text-editor\" data-id=\"1ce810a\" data-element_type=\"widget\" data-widget_type=\"text-editor.default\">\n\t\t\t\t<div class=\"elementor-widget-container\">\n\t\t\t\t\t\t\t\t\t<p><strong><span class=\"OYPEnA font-feature-liga-off font-feature-clig-off font-feature-calt-off text-decoration-none text-strikethrough-none\">SO BEWIRST DU DICH:<\/span><\/strong><\/p>\t\t\t\t\t\t\t\t<\/div>\n\t\t\t\t<\/div>\n\t\t\t\t<div class=\"elementor-element elementor-element-4e21fcb elementor-widget elementor-widget-text-editor\" data-id=\"4e21fcb\" data-element_type=\"widget\" data-widget_type=\"text-editor.default\">\n\t\t\t\t<div class=\"elementor-widget-container\">\n\t\t\t\t\t\t\t\t\t<p class=\"cvGsUA direction-ltr align-start para-style-body\">Wir freuen uns auf deine vollst\u00e4ndigen elektronischen Bewerbungsunterlagen an:\u00a0 bewerbung@ruba-thermoplast.ch<\/p><p>Adresse:<br \/>RUBA Thermoplast AG<br \/>Bummerten 25<br \/>4315 Zuzgen<\/p><p class=\"cvGsUA direction-ltr align-start para-style-body\"><span class=\"OYPEnA font-feature-liga-off font-feature-clig-off font-feature-calt-off text-decoration-none text-strikethrough-none\">F\u00fcr Fragen steht dir <\/span><span class=\"OYPEnA font-feature-liga-off font-feature-clig-off font-feature-calt-off text-decoration-none text-strikethrough-none\"><span style=\"font-weight: bolder;\">Mme Sarah Rieder<\/span>,<\/span><span class=\"OYPEnA font-feature-liga-off font-feature-clig-off font-feature-calt-off text-decoration-none text-strikethrough-none\"> Deine zuk\u00fcnftige Vorgesetzte, gerne zur Verf\u00fcgung unter:<\/span>\u00a0<span class=\"OYPEnA font-feature-liga-off font-feature-clig-off font-feature-calt-off text-decoration-none text-strikethrough-none\">061 871 08 08<\/span><\/p>\t\t\t\t\t\t\t\t<\/div>\n\t\t\t\t<\/div>\n\t\t\t\t<div class=\"elementor-element elementor-element-df04d31 elementor-widget elementor-widget-spacer\" data-id=\"df04d31\" data-element_type=\"widget\" data-widget_type=\"spacer.default\">\n\t\t\t\t<div class=\"elementor-widget-container\">\n\t\t\t\t\t\t\t<div class=\"elementor-spacer\">\n\t\t\t<div class=\"elementor-spacer-inner\"><\/div>\n\t\t<\/div>\n\t\t\t\t\t\t<\/div>\n\t\t\t\t<\/div>\n\t\t\t\t<div class=\"elementor-element elementor-element-c7b960a elementor-align-center elementor-widget elementor-widget-button\" data-id=\"c7b960a\" data-element_type=\"widget\" data-widget_type=\"button.default\">\n\t\t\t\t<div class=\"elementor-widget-container\">\n\t\t\t\t\t\t\t\t\t<div class=\"elementor-button-wrapper\">\n\t\t\t\t\t<a class=\"elementor-button elementor-button-link elementor-size-lg\" href=\"mailto:bewerbung@ruba-thermoplast.ch?subject=Bewerbung\">\n\t\t\t\t\t\t<span class=\"elementor-button-content-wrapper\">\n\t\t\t\t\t\t<span class=\"elementor-button-icon\">\n\t\t\t\t<i aria-hidden=\"true\" class=\"far fa-edit\"><\/i>\t\t\t<\/span>\n\t\t\t\t\t\t\t\t\t<span class=\"elementor-button-text\">JETZT BEWERBEN! <\/span>\n\t\t\t\t\t<\/span>\n\t\t\t\t\t<\/a>\n\t\t\t\t<\/div>\n\t\t\t\t\t\t\t\t<\/div>\n\t\t\t\t<\/div>\n\t\t\t\t\t<\/div>\n\t\t<\/div>\n\t\t\t\t\t<\/div>\n\t\t<\/section>\n\t\t\t\t<\/div>","protected":false},"excerpt":{"rendered":"<p>\u00a0 WIR SUCHEN: Reinigungskraft 30% \u2013 40% (m\/w\/d) START AB SOFORT oder nach Absprache Die RUBA Thermoplast AG mit Sitz in Zuzgen ist ein innovatives Produktionsunternehmen, das hochwertige Kunststoffverschl\u00fcsse und Werkzeuge f\u00fcr die Bereiche Kosmetik, Pharma, Lebensmittel sowie technische Anwendungen herstellt. \u00a0 Zur Erg\u00e4nzung unseres Betriebs suchen wir eine zuverl\u00e4ssige Reinigungskraft, die ihre Arbeit selbstst\u00e4ndig [&hellip;]<\/p>\n","protected":false},"author":5,"featured_media":0,"parent":0,"menu_order":0,"comment_status":"closed","ping_status":"closed","template":"","meta":{"footnotes":""},"class_list":["post-6331","page","type-page","status-publish","hentry"],"_links":{"self":[{"href":"https:\/\/ruba-thermoplast.ch\/fr\/wp-json\/wp\/v2\/pages\/6331","targetHints":{"allow":["GET"]}}],"collection":[{"href":"https:\/\/ruba-thermoplast.ch\/fr\/wp-json\/wp\/v2\/pages"}],"about":[{"href":"https:\/\/ruba-thermoplast.ch\/fr\/wp-json\/wp\/v2\/types\/page"}],"author":[{"embeddable":true,"href":"https:\/\/ruba-thermoplast.ch\/fr\/wp-json\/wp\/v2\/users\/5"}],"replies":[{"embeddable":true,"href":"https:\/\/ruba-thermoplast.ch\/fr\/wp-json\/wp\/v2\/comments?post=6331"}],"version-history":[{"count":16,"href":"https:\/\/ruba-thermoplast.ch\/fr\/wp-json\/wp\/v2\/pages\/6331\/revisions"}],"predecessor-version":[{"id":6374,"href":"https:\/\/ruba-thermoplast.ch\/fr\/wp-json\/wp\/v2\/pages\/6331\/revisions\/6374"}],"wp:attachment":[{"href":"https:\/\/ruba-thermoplast.ch\/fr\/wp-json\/wp\/v2\/media?parent=6331"}],"curies":[{"name":"wp","href":"https:\/\/api.w.org\/{rel}","templated":true}]}}