{"id":6359,"date":"2026-01-13T12:37:26","date_gmt":"2026-01-13T11:37:26","guid":{"rendered":"https:\/\/ruba-thermoplast.ch\/?page_id=6359"},"modified":"2026-01-13T15:07:13","modified_gmt":"2026-01-13T14:07:13","slug":"buchhalter-w-m-d","status":"publish","type":"page","link":"https:\/\/ruba-thermoplast.ch\/fr\/buchhalter-w-m-d\/","title":{"rendered":"Buchhalter (w\/m\/d)"},"content":{"rendered":"<div data-elementor-type=\"wp-page\" data-elementor-id=\"6359\" class=\"elementor elementor-6359\" data-elementor-post-type=\"page\">\n\t\t\t\t\t\t<section class=\"elementor-section elementor-top-section elementor-element elementor-element-af37f9e elementor-section-boxed elementor-section-height-default elementor-section-height-default\" data-id=\"af37f9e\" data-element_type=\"section\" data-settings=\"{&quot;jet_parallax_layout_list&quot;:[],&quot;background_background&quot;:&quot;gradient&quot;}\">\n\t\t\t\t\t\t<div class=\"elementor-container elementor-column-gap-default\">\n\t\t\t\t\t<div class=\"elementor-column elementor-col-50 elementor-top-column elementor-element elementor-element-f4e2dd1\" data-id=\"f4e2dd1\" data-element_type=\"column\">\n\t\t\t<div class=\"elementor-widget-wrap elementor-element-populated\">\n\t\t\t\t\t\t<div class=\"elementor-element elementor-element-b77791d elementor-widget elementor-widget-text-editor\" data-id=\"b77791d\" data-element_type=\"widget\" data-widget_type=\"text-editor.default\">\n\t\t\t\t<div class=\"elementor-widget-container\">\n\t\t\t\t\t\t\t\t\t<h5>\u00a0<\/h5><h3><strong><span class=\"OYPEnA font-feature-liga-off font-feature-clig-off font-feature-calt-off text-decoration-none text-strikethrough-none\">WIR SUCHEN:<\/span><\/strong><\/h3>\t\t\t\t\t\t\t\t<\/div>\n\t\t\t\t<\/div>\n\t\t\t\t<div class=\"elementor-element elementor-element-6df9e45 elementor-widget__width-inherit elementor-widget elementor-widget-tp-adv-text-block\" data-id=\"6df9e45\" data-element_type=\"widget\" data-widget_type=\"tp-adv-text-block.default\">\n\t\t\t\t<div class=\"elementor-widget-container\">\n\t\t\t\t\t<div class=\"pt-plus-text-block-wrapper\" ><div class=\"text_block_parallax\"><div class=\"pt_plus_adv_text_block\" ><div class=\"text-content-block\"><h2 style=\"text-align: left\">Buchhalter 30% (m\/w\/d)<\/h2><\/div><\/div><\/div><\/div>\t\t\t\t<\/div>\n\t\t\t\t<\/div>\n\t\t\t\t<div class=\"elementor-element elementor-element-0a65c3a elementor-widget elementor-widget-text-editor\" data-id=\"0a65c3a\" data-element_type=\"widget\" data-widget_type=\"text-editor.default\">\n\t\t\t\t<div class=\"elementor-widget-container\">\n\t\t\t\t\t\t\t\t\t<h3><strong><span class=\"OYPEnA font-feature-liga-off font-feature-clig-off font-feature-calt-off text-decoration-none text-strikethrough-none\">START M\u00c4RZ 2026<\/span><\/strong><\/h3><h6><strong><span class=\"OYPEnA font-feature-liga-off font-feature-clig-off font-feature-calt-off text-decoration-none text-strikethrough-none\">oder nach Absprache<\/span><\/strong><\/h6>\t\t\t\t\t\t\t\t<\/div>\n\t\t\t\t<\/div>\n\t\t\t\t\t<\/div>\n\t\t<\/div>\n\t\t\t\t<div class=\"elementor-column elementor-col-50 elementor-top-column elementor-element elementor-element-71e1322\" data-id=\"71e1322\" data-element_type=\"column\">\n\t\t\t<div class=\"elementor-widget-wrap elementor-element-populated\">\n\t\t\t\t\t\t<div class=\"elementor-element elementor-element-a40e43b elementor-widget elementor-widget-image\" data-id=\"a40e43b\" data-element_type=\"widget\" data-widget_type=\"image.default\">\n\t\t\t\t<div class=\"elementor-widget-container\">\n\t\t\t\t\t\t\t\t\t\t\t\t\t\t\t<img fetchpriority=\"high\" decoding=\"async\" width=\"720\" height=\"666\" src=\"https:\/\/ruba-thermoplast.ch\/wp-content\/uploads\/2026\/01\/Stelle_Rechnungswesen.png\" class=\"attachment-large size-large wp-image-6384\" alt=\"\" srcset=\"https:\/\/ruba-thermoplast.ch\/wp-content\/uploads\/2026\/01\/Stelle_Rechnungswesen.png 720w, https:\/\/ruba-thermoplast.ch\/wp-content\/uploads\/2026\/01\/Stelle_Rechnungswesen-300x278.png 300w, https:\/\/ruba-thermoplast.ch\/wp-content\/uploads\/2026\/01\/Stelle_Rechnungswesen-13x12.png 13w\" sizes=\"(max-width: 720px) 100vw, 720px\" \/>\t\t\t\t\t\t\t\t\t\t\t\t\t\t\t<\/div>\n\t\t\t\t<\/div>\n\t\t\t\t\t<\/div>\n\t\t<\/div>\n\t\t\t\t\t<\/div>\n\t\t<\/section>\n\t\t\t\t<section class=\"elementor-section elementor-top-section elementor-element elementor-element-192e194 elementor-section-boxed elementor-section-height-default elementor-section-height-default\" data-id=\"192e194\" data-element_type=\"section\" data-settings=\"{&quot;jet_parallax_layout_list&quot;:[],&quot;background_background&quot;:&quot;classic&quot;}\">\n\t\t\t\t\t\t<div class=\"elementor-container elementor-column-gap-default\">\n\t\t\t\t\t<div class=\"elementor-column elementor-col-50 elementor-top-column elementor-element elementor-element-5ce978b\" data-id=\"5ce978b\" data-element_type=\"column\">\n\t\t\t<div class=\"elementor-widget-wrap elementor-element-populated\">\n\t\t\t\t\t\t<div class=\"elementor-element elementor-element-283c08d elementor-widget elementor-widget-text-editor\" data-id=\"283c08d\" data-element_type=\"widget\" data-widget_type=\"text-editor.default\">\n\t\t\t\t<div class=\"elementor-widget-container\">\n\t\t\t\t\t\t\t\t\t<p class=\"cvGsUA direction-ltr align-start para-style-body\"><span class=\"OYPEnA font-feature-liga-off font-feature-clig-off font-feature-calt-off text-decoration-none text-strikethrough-none\">Die RUBA Thermoplast AG mit Sitz in Zuzgen ist ein innovatives Produktionsunternehmen, das hochwertige Kunststoffverschl\u00fcsse und Werkzeuge f\u00fcr die Bereiche Kosmetik, Pharma, Lebensmittel sowie technische Anwendungen herstellt.<\/span><\/p><p class=\"cvGsUA direction-ltr align-start para-style-body\"><span class=\"OYPEnA font-feature-liga-off font-feature-clig-off font-feature-calt-off text-decoration-none text-strikethrough-none\">Zur Verst\u00e4rkung unseres Teams suchen wir eine motivierte Pers\u00f6nlichkeit f\u00fcr unsere Buchhaltung.<\/span><\/p>\t\t\t\t\t\t\t\t<\/div>\n\t\t\t\t<\/div>\n\t\t\t\t<div class=\"elementor-element elementor-element-71b3480 elementor-widget-divider--view-line elementor-widget elementor-widget-divider\" data-id=\"71b3480\" data-element_type=\"widget\" data-widget_type=\"divider.default\">\n\t\t\t\t<div class=\"elementor-widget-container\">\n\t\t\t\t\t\t\t<div class=\"elementor-divider\">\n\t\t\t<span class=\"elementor-divider-separator\">\n\t\t\t\t\t\t<\/span>\n\t\t<\/div>\n\t\t\t\t\t\t<\/div>\n\t\t\t\t<\/div>\n\t\t\t\t<div class=\"elementor-element elementor-element-6e270e6 elementor-widget elementor-widget-text-editor\" data-id=\"6e270e6\" data-element_type=\"widget\" data-widget_type=\"text-editor.default\">\n\t\t\t\t<div class=\"elementor-widget-container\">\n\t\t\t\t\t\t\t\t\t<p><strong><span class=\"OYPEnA font-feature-liga-off font-feature-clig-off font-feature-calt-off text-decoration-none text-strikethrough-none\">\ud83c\udfaf DEINE AUFGABEN:<\/span><\/strong><\/p>\t\t\t\t\t\t\t\t<\/div>\n\t\t\t\t<\/div>\n\t\t\t\t<div class=\"elementor-element elementor-element-96b7251 elementor-widget elementor-widget-text-editor\" data-id=\"96b7251\" data-element_type=\"widget\" data-widget_type=\"text-editor.default\">\n\t\t\t\t<div class=\"elementor-widget-container\">\n\t\t\t\t\t\t\t\t\t<ul><li data-start=\"371\" data-end=\"419\"><p data-start=\"373\" data-end=\"419\">Kontrolle und Verbuchung laufender Buchungen<\/p><\/li><li data-start=\"420\" data-end=\"500\"><p data-start=\"422\" data-end=\"500\">\u00dcberwachung der Debitoren-Zahlungseing\u00e4nge sowie Durchf\u00fchrung des Mahnwesens<\/p><\/li><li data-start=\"501\" data-end=\"569\"><p data-start=\"503\" data-end=\"569\">F\u00fchren der Debitoren- und Kreditorenbuchhaltung (Sage50)<\/p><\/li><li data-start=\"570\" data-end=\"631\"><p data-start=\"572\" data-end=\"631\">Abwicklung des Zahlungsverkehrs<\/p><\/li><li data-start=\"632\" data-end=\"668\"><p data-start=\"634\" data-end=\"668\">Erstellung der MwSt-Abrechnungen<\/p><\/li><li data-start=\"669\" data-end=\"717\"><p data-start=\"671\" data-end=\"717\">Monats- und Quartalsabschl\u00fcssen<\/p><\/li><\/ul>\t\t\t\t\t\t\t\t<\/div>\n\t\t\t\t<\/div>\n\t\t\t\t<div class=\"elementor-element elementor-element-5214795 elementor-widget-divider--view-line elementor-widget elementor-widget-divider\" data-id=\"5214795\" data-element_type=\"widget\" data-widget_type=\"divider.default\">\n\t\t\t\t<div class=\"elementor-widget-container\">\n\t\t\t\t\t\t\t<div class=\"elementor-divider\">\n\t\t\t<span class=\"elementor-divider-separator\">\n\t\t\t\t\t\t<\/span>\n\t\t<\/div>\n\t\t\t\t\t\t<\/div>\n\t\t\t\t<\/div>\n\t\t\t\t<div class=\"elementor-element elementor-element-6bbd335 elementor-widget elementor-widget-text-editor\" data-id=\"6bbd335\" data-element_type=\"widget\" data-widget_type=\"text-editor.default\">\n\t\t\t\t<div class=\"elementor-widget-container\">\n\t\t\t\t\t\t\t\t\t<p>\u00a0<strong><span class=\"OYPEnA font-feature-liga-off font-feature-clig-off font-feature-calt-off text-decoration-none text-strikethrough-none\">\ud83d\udcda DAS SOLLTEST DU MITBRINGEN:<\/span><\/strong><\/p>\t\t\t\t\t\t\t\t<\/div>\n\t\t\t\t<\/div>\n\t\t\t\t<div class=\"elementor-element elementor-element-f0bbd77 elementor-widget elementor-widget-text-editor\" data-id=\"f0bbd77\" data-element_type=\"widget\" data-widget_type=\"text-editor.default\">\n\t\t\t\t<div class=\"elementor-widget-container\">\n\t\t\t\t\t\t\t\t\t<ul><li data-start=\"838\" data-end=\"919\"><p data-start=\"840\" data-end=\"919\">Kaufm\u00e4nnische Grundausbildung mit Weiterbildung im Rechnungswesen von Vorteil<\/p><\/li><li data-start=\"838\" data-end=\"919\"><p data-start=\"840\" data-end=\"919\">Erfahrung in der Buchhaltung,<\/p><\/li><li data-start=\"1056\" data-end=\"1111\"><p data-start=\"1058\" data-end=\"1111\">Selbst\u00e4ndige, strukturierte und genaue Arbeitsweise<\/p><\/li><li data-start=\"1112\" data-end=\"1175\"><p data-start=\"1114\" data-end=\"1175\">Vertrauensw\u00fcrdige und verantwortungsbewusste Pers\u00f6nlichkeit<\/p><\/li><\/ul>\t\t\t\t\t\t\t\t<\/div>\n\t\t\t\t<\/div>\n\t\t\t\t<div class=\"elementor-element elementor-element-ed9bd99 elementor-widget-divider--view-line elementor-widget elementor-widget-divider\" data-id=\"ed9bd99\" data-element_type=\"widget\" data-widget_type=\"divider.default\">\n\t\t\t\t<div class=\"elementor-widget-container\">\n\t\t\t\t\t\t\t<div class=\"elementor-divider\">\n\t\t\t<span class=\"elementor-divider-separator\">\n\t\t\t\t\t\t<\/span>\n\t\t<\/div>\n\t\t\t\t\t\t<\/div>\n\t\t\t\t<\/div>\n\t\t\t\t<div class=\"elementor-element elementor-element-54c49de elementor-widget elementor-widget-text-editor\" data-id=\"54c49de\" data-element_type=\"widget\" data-widget_type=\"text-editor.default\">\n\t\t\t\t<div class=\"elementor-widget-container\">\n\t\t\t\t\t\t\t\t\t<p>\u00a0<strong><span class=\"OYPEnA font-feature-liga-off font-feature-clig-off font-feature-calt-off text-decoration-none text-strikethrough-none\">\ud83c\udfd6\ufe0f DAS BIETEN WIR DIR:<\/span><\/strong><\/p>\t\t\t\t\t\t\t\t<\/div>\n\t\t\t\t<\/div>\n\t\t\t\t<div class=\"elementor-element elementor-element-4bdf97e elementor-widget elementor-widget-text-editor\" data-id=\"4bdf97e\" data-element_type=\"widget\" data-widget_type=\"text-editor.default\">\n\t\t\t\t<div class=\"elementor-widget-container\">\n\t\t\t\t\t\t\t\t\t<ul><li>Flexible Arbeitszeiten zur optimalen Vereinbarkeit von Beruf und Privatleben<\/li><li>Eine abwechslungsreiche T\u00e4tigkeit in einem zukunftsorientierten, dynamischen Unternehmen<\/li><li>Langfristige Zusammenarbeit, respektvollen Umgang auf Augenh\u00f6he.<\/li><\/ul>\t\t\t\t\t\t\t\t<\/div>\n\t\t\t\t<\/div>\n\t\t\t\t\t<\/div>\n\t\t<\/div>\n\t\t\t\t<div class=\"elementor-column elementor-col-50 elementor-top-column elementor-element elementor-element-114b2a1\" data-id=\"114b2a1\" data-element_type=\"column\">\n\t\t\t<div class=\"elementor-widget-wrap elementor-element-populated\">\n\t\t\t\t\t\t<div class=\"elementor-element elementor-element-016c78b elementor-widget elementor-widget-text-editor\" data-id=\"016c78b\" data-element_type=\"widget\" data-widget_type=\"text-editor.default\">\n\t\t\t\t<div class=\"elementor-widget-container\">\n\t\t\t\t\t\t\t\t\t<p><span class=\"OYPEnA font-feature-liga-off font-feature-clig-off font-feature-calt-off text-decoration-none text-strikethrough-none\">Ein harmonisches Arbeitsumfeld ist uns wichtig \u2013 wir legen grossen Wert auf gegenseitige Wertsch\u00e4tzung, Teamgeist und ein respektvolles Miteinander. <\/span>M\u00f6chtest du Teil eines modernen Teams werden und von Anfang an mit anpacken? Dann nutze deine Chance und bewirb dich bei uns!<\/p>\t\t\t\t\t\t\t\t<\/div>\n\t\t\t\t<\/div>\n\t\t\t\t<div class=\"elementor-element elementor-element-15e5fc0 elementor-widget elementor-widget-text-editor\" data-id=\"15e5fc0\" data-element_type=\"widget\" data-widget_type=\"text-editor.default\">\n\t\t\t\t<div class=\"elementor-widget-container\">\n\t\t\t\t\t\t\t\t\t<p><strong><span class=\"OYPEnA font-feature-liga-off font-feature-clig-off font-feature-calt-off text-decoration-none text-strikethrough-none\">SO BEWIRST DU DICH:<\/span><\/strong><\/p>\t\t\t\t\t\t\t\t<\/div>\n\t\t\t\t<\/div>\n\t\t\t\t<div class=\"elementor-element elementor-element-4a3340b elementor-widget elementor-widget-text-editor\" data-id=\"4a3340b\" data-element_type=\"widget\" data-widget_type=\"text-editor.default\">\n\t\t\t\t<div class=\"elementor-widget-container\">\n\t\t\t\t\t\t\t\t\t<p class=\"cvGsUA direction-ltr align-start para-style-body\">Wir freuen uns auf deine vollst\u00e4ndigen elektronischen Bewerbungsunterlagen an:\u00a0 bewerbung@ruba-thermoplast.ch<\/p><p>Adresse:<br \/>RUBA Thermoplast AG<br \/>Bummerten 25<br \/>4315 Zuzgen<\/p><p class=\"cvGsUA direction-ltr align-start para-style-body\"><span class=\"OYPEnA font-feature-liga-off font-feature-clig-off font-feature-calt-off text-decoration-none text-strikethrough-none\">F\u00fcr Fragen steht dir <\/span><span class=\"OYPEnA font-feature-liga-off font-feature-clig-off font-feature-calt-off text-decoration-none text-strikethrough-none\"><span style=\"font-weight: bolder;\">Mme Sarah Rieder<\/span>,<\/span><span class=\"OYPEnA font-feature-liga-off font-feature-clig-off font-feature-calt-off text-decoration-none text-strikethrough-none\"> Dein zuk\u00fcnftige Vorgesetzte, gerne zur Verf\u00fcgung unter:<\/span>\u00a0<span class=\"OYPEnA font-feature-liga-off font-feature-clig-off font-feature-calt-off text-decoration-none text-strikethrough-none\">061 871 08 01<\/span><\/p>\t\t\t\t\t\t\t\t<\/div>\n\t\t\t\t<\/div>\n\t\t\t\t<div class=\"elementor-element elementor-element-6ce1006 elementor-widget elementor-widget-spacer\" data-id=\"6ce1006\" data-element_type=\"widget\" data-widget_type=\"spacer.default\">\n\t\t\t\t<div class=\"elementor-widget-container\">\n\t\t\t\t\t\t\t<div class=\"elementor-spacer\">\n\t\t\t<div class=\"elementor-spacer-inner\"><\/div>\n\t\t<\/div>\n\t\t\t\t\t\t<\/div>\n\t\t\t\t<\/div>\n\t\t\t\t<div class=\"elementor-element elementor-element-61a6048 elementor-align-center elementor-widget elementor-widget-button\" data-id=\"61a6048\" data-element_type=\"widget\" data-widget_type=\"button.default\">\n\t\t\t\t<div class=\"elementor-widget-container\">\n\t\t\t\t\t\t\t\t\t<div class=\"elementor-button-wrapper\">\n\t\t\t\t\t<a class=\"elementor-button elementor-button-link elementor-size-lg\" href=\"mailto:bewerbung@ruba-thermoplast.ch?subject=Bewerbung\">\n\t\t\t\t\t\t<span class=\"elementor-button-content-wrapper\">\n\t\t\t\t\t\t<span class=\"elementor-button-icon\">\n\t\t\t\t<i aria-hidden=\"true\" class=\"far fa-edit\"><\/i>\t\t\t<\/span>\n\t\t\t\t\t\t\t\t\t<span class=\"elementor-button-text\">JETZT BEWERBEN! <\/span>\n\t\t\t\t\t<\/span>\n\t\t\t\t\t<\/a>\n\t\t\t\t<\/div>\n\t\t\t\t\t\t\t\t<\/div>\n\t\t\t\t<\/div>\n\t\t\t\t\t<\/div>\n\t\t<\/div>\n\t\t\t\t\t<\/div>\n\t\t<\/section>\n\t\t\t\t<\/div>","protected":false},"excerpt":{"rendered":"<p>\u00a0 WIR SUCHEN: Buchhalter 30% (m\/w\/d) START M\u00c4RZ 2026 oder nach Absprache Die RUBA Thermoplast AG mit Sitz in Zuzgen ist ein innovatives Produktionsunternehmen, das hochwertige Kunststoffverschl\u00fcsse und Werkzeuge f\u00fcr die Bereiche Kosmetik, Pharma, Lebensmittel sowie technische Anwendungen herstellt. Zur Verst\u00e4rkung unseres Teams suchen wir eine motivierte Pers\u00f6nlichkeit f\u00fcr unsere Buchhaltung. \ud83c\udfaf DEINE AUFGABEN: Kontrolle [&hellip;]<\/p>\n","protected":false},"author":5,"featured_media":0,"parent":0,"menu_order":0,"comment_status":"closed","ping_status":"closed","template":"","meta":{"footnotes":""},"class_list":["post-6359","page","type-page","status-publish","hentry"],"_links":{"self":[{"href":"https:\/\/ruba-thermoplast.ch\/fr\/wp-json\/wp\/v2\/pages\/6359","targetHints":{"allow":["GET"]}}],"collection":[{"href":"https:\/\/ruba-thermoplast.ch\/fr\/wp-json\/wp\/v2\/pages"}],"about":[{"href":"https:\/\/ruba-thermoplast.ch\/fr\/wp-json\/wp\/v2\/types\/page"}],"author":[{"embeddable":true,"href":"https:\/\/ruba-thermoplast.ch\/fr\/wp-json\/wp\/v2\/users\/5"}],"replies":[{"embeddable":true,"href":"https:\/\/ruba-thermoplast.ch\/fr\/wp-json\/wp\/v2\/comments?post=6359"}],"version-history":[{"count":7,"href":"https:\/\/ruba-thermoplast.ch\/fr\/wp-json\/wp\/v2\/pages\/6359\/revisions"}],"predecessor-version":[{"id":6387,"href":"https:\/\/ruba-thermoplast.ch\/fr\/wp-json\/wp\/v2\/pages\/6359\/revisions\/6387"}],"wp:attachment":[{"href":"https:\/\/ruba-thermoplast.ch\/fr\/wp-json\/wp\/v2\/media?parent=6359"}],"curies":[{"name":"wp","href":"https:\/\/api.w.org\/{rel}","templated":true}]}}